{"id":2360,"date":"2024-05-02T18:13:23","date_gmt":"2024-05-02T16:13:23","guid":{"rendered":"https:\/\/mareabeachhouse.com\/?page_id=2360"},"modified":"2026-03-28T16:36:25","modified_gmt":"2026-03-28T15:36:25","slug":"avis-legal-i-condicions-dus","status":"publish","type":"page","link":"https:\/\/mareabeachhouse.com\/ca\/aviso-legal-y-condiciones-de-uso\/","title":{"rendered":"Av\u00eds legal i Condicions d&#039;\u00fas"},"content":{"rendered":"<p><\/p>\n\n\n\n<h3 class=\"wp-block-heading\">I. INFORMACI\u00d3 GENERAL<\/h3>\n\n\n\n<p>En compliment amb el deure informaci\u00f3 disposat a la Llei 34\/2002 de Serveis de la Societat de la Informaci\u00f3 i el Comer\u00e7 Electr\u00f2nic (LSSI-CE) d&#039;11 de juliol, es faciliten a continuaci\u00f3 les dades d&#039;informaci\u00f3 general d&#039;aquest lloc web seg\u00fcents:<\/p>\n\n\n\n<p>La titularitat d&#039;aquest lloc web, mareabeachhouse-com.preview-domain.com, (d&#039;ara endavant, Lloc Web) l&#039;ostenta: , prove\u00efda de NIF: B09765561 i inscrita a: amb les dades registrals seg\u00fcents: , el representant de les quals \u00e9s: Simone Santacroce, les dades de contacte de les quals s\u00f3n:<\/p>\n\n\n\n<p>Adre\u00e7a: Avinguda Levant n.4, 07769 Cala Blanca<\/p>\n\n\n\n<p>Tel\u00e8fon de contacte: +34 679 79 51 56<\/p>\n\n\n\n<p>Email de contacte: marketingmareabeachhouse@gmail.com<\/p>\n\n\n\n<h3 class=\"wp-block-heading\">II. TERMES I CONDICIONS GENERALS D&#039;\u00daS<\/h3>\n\n\n\n<h4 class=\"wp-block-heading\">L&#039;objecte de les condicions: El Lloc Web<\/h4>\n\n\n\n<p>L&#039;objecte d&#039;aquestes Condicions Generals d&#039;\u00das (d&#039;ara endavant, Condicions) \u00e9s regular l&#039;acc\u00e9s i la utilitzaci\u00f3 del Lloc Web. Als efectes de les presents Condicions s&#039;entendr\u00e0 com a Lloc Web: l&#039;aparen\u00e7a externa de les interf\u00edcies de pantalla, tant de forma est\u00e0tica com de forma din\u00e0mica, \u00e9s a dir, l&#039;arbre de navegaci\u00f3; i tots els elements integrats tant a les interf\u00edcies de pantalla com a l&#039;arbre de navegaci\u00f3 (d&#039;ara endavant, Continguts) i tots aquells serveis o recursos en l\u00ednia que si escau ofereixi als Usuaris (d&#039;ara endavant, Serveis).<\/p>\n\n\n\n<p>Marea Beach House es reserva la facultat de modificar, en qualsevol moment, i sense av\u00eds previ, la presentaci\u00f3 i configuraci\u00f3 del Lloc Web i dels Continguts i Serveis que hi poguessin estar incorporats. L&#039;Usuari reconeix i accepta que en qualsevol moment Marea Beach House pugui interrompre, desactivar i\/o cancel\u00b7lar qualsevol d&#039;aquests elements que s&#039;integren al Lloc Web o accedir-hi.<\/p>\n\n\n\n<p>L&#039;acc\u00e9s al Lloc Web per l&#039;Usuari t\u00e9 car\u00e0cter lliure i, per regla general, \u00e9s gratu\u00eft sense que l&#039;Usuari hagi de proporcionar una contraprestaci\u00f3 per poder gaudir-ne, llevat del cost de connexi\u00f3 a trav\u00e9s de la xarxa de telecomunicacions subministrada pel prove\u00efdor d&#039;acc\u00e9s que hagi contractat l&#039;Usuari.<\/p>\n\n\n\n<p>La utilitzaci\u00f3 dels continguts no requereix pr\u00e8via subscripci\u00f3 o registre.<\/p>\n\n\n\n<h4 class=\"wp-block-heading\">L&#039;Usuari<\/h4>\n\n\n\n<p>L&#039;acc\u00e9s, la navegaci\u00f3 i \u00fas del Lloc Web, confereix la condici\u00f3 d&#039;Usuari, per la qual cosa s&#039;accepten, des que s&#039;inicia la navegaci\u00f3 pel Lloc Web, totes les Condicions aqu\u00ed establertes, aix\u00ed com les modificacions ulteriors, sense perjudici de l&#039;aplicaci\u00f3 de la corresponent normativa legal de compliment obligat segons el cas. Atesa la rellev\u00e0ncia de l&#039;anterior, es recomana a l&#039;Usuari llegir-les cada vegada que visiteu el Lloc Web.<\/p>\n\n\n\n<p>El lloc web de Marea Beach House proporciona una gran diversitat d&#039;informaci\u00f3, serveis i dades. L&#039;Usuari assumeix la seva responsabilitat per fer un \u00fas correcte del Lloc Web. Aquesta responsabilitat s&#039;estendr\u00e0 a:<\/p>\n\n\n\n<ul class=\"wp-block-list\">\n<li>Un \u00fas de la informaci\u00f3, continguts i\/o serveis i dades ofertes per Marea Beach House sense que sigui contrari al que disposen aquestes Condicions, la Llei, la moral o l&#039;ordre p\u00fablic, o que de qualsevol altra manera puguin suposar lesi\u00f3 dels drets de tercers o del mateix funcionament del Lloc Web.<\/li>\n\n\n\n<li>La veracitat i licitud de les informacions aportades per l&#039;Usuari als formularis estesos per Marea Beach House per a l&#039;acc\u00e9s a certs continguts o serveis oferts pel Lloc Web. En tot cas, l&#039;Usuari notificar\u00e0 de forma immediata a Marea Beach House sobre qualsevol fet que permeti l&#039;\u00fas indegut de la informaci\u00f3 registrada en aquests formularis, com ara, per\u00f2 no nom\u00e9s, el robatori, la p\u00e8rdua, o l&#039;acc\u00e9s no autoritzat a identificadors i\/o contrasenyes, a fi de procedir a cancel\u00b7lar-la immediatament.<\/li>\n<\/ul>\n\n\n\n<p>El mer acc\u00e9s a aquest Lloc Web no suposa entaular cap mena de relaci\u00f3 de car\u00e0cter comercial entre Marea Beach House i l&#039;Usuari.<\/p>\n\n\n\n<p>Sempre en el respecte de la legislaci\u00f3 vigent, aquest Lloc Web de Marea Beach House s&#039;adre\u00e7a a totes les persones, sense importar-ne l&#039;edat, que puguin accedir i\/o navegar per les p\u00e0gines del Lloc Web.<\/p>\n\n\n\n<h3 class=\"wp-block-heading\">III. ACC\u00c9S I NAVEGACI\u00d3 AL LLOC WEB: EXCLUSI\u00d3 DE GARANTIES I RESPONSABILITAT<\/h3>\n\n\n\n<p>Marea Beach House no garanteix la continu\u00eftat, disponibilitat i utilitat del Lloc Web, ni dels Continguts o Serveis. Marea Beach House far\u00e0 tot el possible pel bon funcionament del Lloc Web, per\u00f2, no es responsabilitza ni garanteix que l&#039;acc\u00e9s a aquest Lloc Web no sigui ininterromput o que estigui lliure d&#039;error.<\/p>\n\n\n\n<p>Tampoc no es responsabilitza o garanteix que el contingut o programari al qual es pugui accedir a trav\u00e9s d&#039;aquest Lloc Web, estigui lliure d&#039;error o causi un dany al sistema inform\u00e0tic (programari i maquinari) de l&#039;Usuari. En cap cas Marea Beach House ser\u00e0 responsable per les p\u00e8rdues, danys o perjudicis de qualsevol tipus que sorgeixin per l&#039;acc\u00e9s, navegaci\u00f3 i \u00fas del Lloc Web, incloent-hi, per\u00f2 no limitant-se, als ocasionats als sistemes inform\u00e0tics o els provocats per la introducci\u00f3 de virus.<\/p>\n\n\n\n<p>Marea Beach House tampoc no es fa responsable dels danys que poguessin ocasionar-se als usuaris per un \u00fas inadequat d&#039;aquest Lloc Web. En particular, no es fa responsable de cap manera de les caigudes, interrupcions, falta o defecte de les telecomunicacions que poguessin oc\u00f3rrer.<\/p>\n\n\n\n<h3 class=\"wp-block-heading\">IV. POL\u00cdTICA D&#039;ENLLA\u00c7OS<\/h3>\n\n\n\n<p>S&#039;informa que el Lloc Web de Marea Beach House posa o pot posar a disposici\u00f3 dels usuaris mitjans d&#039;enlla\u00e7 (com, entre d&#039;altres, links, banners, botons), directoris i motors de cerca que permeten als usuaris accedir a llocs web pertanyents i\/o gestionats per tercers.<\/p>\n\n\n\n<p>La instal\u00b7laci\u00f3 d&#039;aquests enlla\u00e7os, directoris i motors de cerca al Lloc Web t\u00e9 per objecte facilitar als Usuaris la cerca i acc\u00e9s a la informaci\u00f3 disponible a Internet, sense que es pugui considerar un suggeriment, recomanaci\u00f3 o invitaci\u00f3 per visitar-los.<\/p>\n\n\n\n<p>Marea Beach House no ofereix ni comercialitza per si mateix ni per mitj\u00e0 de tercers els productes i\/o serveis disponibles en aquests llocs enlla\u00e7ats.<\/p>\n\n\n\n<p>Marea Beach House ofereix continguts patrocinats, anuncis i\/o enlla\u00e7os d&#039;afiliats. La informaci\u00f3 que apareix en aquests enlla\u00e7os d&#039;afiliats o els anuncis inserits, s\u00f3n facilitats pels propis anunciants, per la qual cosa Marea Beach House no es fa responsable de possibles inexactituds o errors que poguessin contenir els anuncis, ni garanteix de cap manera l&#039;experi\u00e8ncia, la integritat o els productes.<\/p>\n\n\n\n<p>Aix\u00ed mateix, tampoc garantir\u00e0 la disponibilitat t\u00e8cnica, exactitud, veracitat, validesa o legalitat de llocs aliens a la seva propietat a qu\u00e8 es pugui accedir per mitj\u00e0 dels enlla\u00e7os.<\/p>\n\n\n\n<p>Marea Beach House en cap cas revisar\u00e0 o controlar\u00e0 el contingut d&#039;altres llocs web, aix\u00ed com tampoc aprova, examina ni fa propis els productes i serveis, continguts, arxius i qualsevol altre material existent als referits llocs enlla\u00e7ats.<\/p>\n\n\n\n<p>Marea Beach House no assumeix cap responsabilitat pels danys i perjudicis que es puguin produir per l&#039;acc\u00e9s, l&#039;\u00fas, la qualitat o la licitud dels continguts, comunicacions, opinions, productes i serveis dels llocs web no gestionats per Marea Beach House i que siguin enlla\u00e7ats en aquest Lloc Web.<\/p>\n\n\n\n<p>L&#039;Usuari o tercer que faci un hiperenlla\u00e7 des d&#039;una p\u00e0gina web d&#039;un altre, diferent, lloc web al Lloc Web de Marea Beach House haur\u00e0 de saber que:<\/p>\n\n\n\n<p>No es permet la reproducci\u00f3 \u2014totalment o parcialment\u2014 de cap dels Continguts i\/o Serveis del Lloc Web sense autoritzaci\u00f3 expressa de Marea Beach House.<\/p>\n\n\n\n<p>No es permet tampoc cap manifestaci\u00f3 falsa, inexacta o incorrecta sobre el Lloc Web de Marea Beach House, ni sobre els seus Continguts i\/o Serveis.<\/p>\n\n\n\n<p>A excepci\u00f3 de l&#039;hiperenlla\u00e7, el lloc web on s&#039;estableixi aquest hiperenlla\u00e7 no contindr\u00e0 cap element d&#039;aquest Lloc Web, protegit com a propietat intel\u00b7lectual per l&#039;ordenament jur\u00eddic espanyol, llevat d&#039;autoritzaci\u00f3 expressa de Marea Beach House.<\/p>\n\n\n\n<p>L&#039;establiment de l&#039;hipervincle no implicar\u00e0 l&#039;exist\u00e8ncia de relacions entre Marea Beach House i el titular del lloc web des del qual es realitzi, ni el coneixement i l&#039;acceptaci\u00f3 de Marea Beach House dels continguts, serveis i\/o activitats oferts en aquest lloc web, i viceversa.<\/p>\n\n\n\n<h3 class=\"wp-block-heading\">V. PROPIETAT INTEL\u00b7LECTUAL I INDUSTRIAL<\/h3>\n\n\n\n<p>Marea Beach House per si o com a part cession\u00e0ria, \u00e9s titular de tots els drets de propietat intel\u00b7lectual i industrial del Lloc Web, aix\u00ed com dels elements continguts en aquest (a t\u00edtol enunciatiu i no exhaustiu, imatges, so, \u00e0udio, v\u00eddeo, programari o textos, marques o logotips, combinacions de colors, estructura i disseny, selecci\u00f3 de materials usats, programes d&#039;ordinador necessaris. Seran, per tant, obres protegides com a propietat intel\u00b7lectual per l&#039;ordenament jur\u00eddic espanyol, i els seran aplicables tant la normativa espanyola i comunit\u00e0ria en aquest camp, com els tractats internacionals relatius a la mat\u00e8ria i subscrits per Espanya.<\/p>\n\n\n\n<p>Tots els drets reservats. En virtut del que disposa la Llei de propietat intel\u00b7lectual, queden expressament prohibides la reproducci\u00f3, la distribuci\u00f3 i la comunicaci\u00f3 p\u00fablica, inclosa la seva modalitat de posada a disposici\u00f3, de la totalitat o part dels continguts d&#039;aquesta p\u00e0gina web, amb fins comercials, en qualsevol suport i per qualsevol mitj\u00e0 t\u00e8cnic, sense l&#039;autoritzaci\u00f3 de Marea Beach House.<\/p>\n\n\n\n<p>L&#039;usuari es compromet a respectar els drets de propietat intel\u00b7lectual i industrial de Marea Beach House. Podreu visualitzar els elements del Lloc Web o fins i tot imprimir-los, copiar-los i emmagatzemar-los al disc dur del vostre ordinador o en qualsevol altre suport f\u00edsic sempre que sigui, exclusivament, per al seu \u00fas personal. L&#039;Usuari, per\u00f2, no podr\u00e0 suprimir, alterar, o manipular qualsevol dispositiu de protecci\u00f3 o sistema de seguretat que estigu\u00e9s instal\u00b7lat al Lloc Web.<\/p>\n\n\n\n<p>En cas que l&#039;Usuari o tercer consideri que qualsevol dels Continguts del Lloc Web suposi una violaci\u00f3 dels drets de protecci\u00f3 de la propietat intel\u00b7lectual, ho haur\u00e0 de comunicar immediatament a Marea Beach House a trav\u00e9s de les dades de contacte de l&#039;apartat d&#039;INFORMACI\u00d3 GENERAL d&#039;aquest Av\u00eds Legal i Condicions Generals d&#039;\u00das.<\/p>\n\n\n\n<h3 class=\"wp-block-heading\">VI. ACCIONS LEGALS, LEGISLACI\u00d3 APLICABLE I JURISDICCI\u00d3<\/h3>\n\n\n\n<p>Marea Beach House es reserva la facultat de presentar les accions civils o penals que consideri necess\u00e0ries per la utilitzaci\u00f3 indeguda del Lloc Web i Continguts, o per l&#039;incompliment de les presents Condicions.<\/p>\n\n\n\n<p>La relaci\u00f3 entre l&#039;Usuari i Marea Beach House es regir\u00e0 per la normativa vigent i aplicable al territori espanyol. Si sorgeix qualsevol controv\u00e8rsia en relaci\u00f3 amb la interpretaci\u00f3 i\/o l&#039;aplicaci\u00f3 d&#039;aquestes Condicions, les parts sotmetran els seus conflictes a la jurisdicci\u00f3 ordin\u00e0ria sotmetent-se als jutges i tribunals que corresponguin d&#039;acord amb el dret.<\/p>\n\n\n\n<p>Aquest document d&#039;Av\u00eds Legal i Condicions Generals d&#039;\u00fas del lloc web ha estat creat mitjan\u00e7ant el generador de&nbsp;<a href=\"https:\/\/legales.zimrre.com\/\" target=\"_blank\" rel=\"noopener\">plantilla d&#039;av\u00eds legal i condicions d&#039;\u00fas<\/a>&nbsp;en l\u00ednia el dia 16\/07\/2021.<\/p>","protected":false},"excerpt":{"rendered":"<p>I. INFORMACI\u00d3N GENERAL En cumplimiento con el deber de informaci\u00f3n dispuesto en la Ley 34\/2002 de Servicios de la Sociedad de la Informaci\u00f3n y el Comercio Electr\u00f3nico (LSSI-CE) de 11 de julio, se facilitan a continuaci\u00f3n los siguientes datos de informaci\u00f3n general de este sitio web: La titularidad de este sitio web,&nbsp;mareabeachhouse-com.preview-domain.com, (en adelante, Sitio [&hellip;]<\/p>\n","protected":false},"author":1,"featured_media":0,"parent":0,"menu_order":0,"comment_status":"closed","ping_status":"closed","template":"","meta":{"site-sidebar-layout":"default","site-content-layout":"","ast-site-content-layout":"default","site-content-style":"default","site-sidebar-style":"default","ast-global-header-display":"","ast-banner-title-visibility":"","ast-main-header-display":"","ast-hfb-above-header-display":"","ast-hfb-below-header-display":"","ast-hfb-mobile-header-display":"","site-post-title":"","ast-breadcrumbs-content":"","ast-featured-img":"","footer-sml-layout":"","ast-disable-related-posts":"","theme-transparent-header-meta":"","adv-header-id-meta":"","stick-header-meta":"","header-above-stick-meta":"","header-main-stick-meta":"","header-below-stick-meta":"","astra-migrate-meta-layouts":"set","ast-page-background-enabled":"default","ast-page-background-meta":{"desktop":{"background-color":"","background-image":"","background-repeat":"repeat","background-position":"center center","background-size":"auto","background-attachment":"scroll","background-type":"","background-media":"","overlay-type":"","overlay-color":"","overlay-opacity":"","overlay-gradient":""},"tablet":{"background-color":"","background-image":"","background-repeat":"repeat","background-position":"center center","background-size":"auto","background-attachment":"scroll","background-type":"","background-media":"","overlay-type":"","overlay-color":"","overlay-opacity":"","overlay-gradient":""},"mobile":{"background-color":"","background-image":"","background-repeat":"repeat","background-position":"center center","background-size":"auto","background-attachment":"scroll","background-type":"","background-media":"","overlay-type":"","overlay-color":"","overlay-opacity":"","overlay-gradient":""}},"ast-content-background-meta":{"desktop":{"background-color":"var(--ast-global-color-5)","background-image":"","background-repeat":"repeat","background-position":"center center","background-size":"auto","background-attachment":"scroll","background-type":"","background-media":"","overlay-type":"","overlay-color":"","overlay-opacity":"","overlay-gradient":""},"tablet":{"background-color":"var(--ast-global-color-5)","background-image":"","background-repeat":"repeat","background-position":"center center","background-size":"auto","background-attachment":"scroll","background-type":"","background-media":"","overlay-type":"","overlay-color":"","overlay-opacity":"","overlay-gradient":""},"mobile":{"background-color":"var(--ast-global-color-5)","background-image":"","background-repeat":"repeat","background-position":"center center","background-size":"auto","background-attachment":"scroll","background-type":"","background-media":"","overlay-type":"","overlay-color":"","overlay-opacity":"","overlay-gradient":""}},"_joinchat":[],"footnotes":""},"class_list":["post-2360","page","type-page","status-publish","hentry"],"_links":{"self":[{"href":"https:\/\/mareabeachhouse.com\/ca\/wp-json\/wp\/v2\/pages\/2360","targetHints":{"allow":["GET"]}}],"collection":[{"href":"https:\/\/mareabeachhouse.com\/ca\/wp-json\/wp\/v2\/pages"}],"about":[{"href":"https:\/\/mareabeachhouse.com\/ca\/wp-json\/wp\/v2\/types\/page"}],"author":[{"embeddable":true,"href":"https:\/\/mareabeachhouse.com\/ca\/wp-json\/wp\/v2\/users\/1"}],"replies":[{"embeddable":true,"href":"https:\/\/mareabeachhouse.com\/ca\/wp-json\/wp\/v2\/comments?post=2360"}],"version-history":[{"count":4,"href":"https:\/\/mareabeachhouse.com\/ca\/wp-json\/wp\/v2\/pages\/2360\/revisions"}],"predecessor-version":[{"id":4697,"href":"https:\/\/mareabeachhouse.com\/ca\/wp-json\/wp\/v2\/pages\/2360\/revisions\/4697"}],"wp:attachment":[{"href":"https:\/\/mareabeachhouse.com\/ca\/wp-json\/wp\/v2\/media?parent=2360"}],"curies":[{"name":"wp","href":"https:\/\/api.w.org\/{rel}","templated":true}]}}