{"id":2360,"date":"2024-05-02T18:13:23","date_gmt":"2024-05-02T16:13:23","guid":{"rendered":"https:\/\/mareabeachhouse.com\/?page_id=2360"},"modified":"2026-03-28T16:36:25","modified_gmt":"2026-03-28T15:36:25","slug":"rechtlicher-hinweis-und-nutzungsbestimmungen","status":"publish","type":"page","link":"https:\/\/mareabeachhouse.com\/de\/aviso-legal-y-condiciones-de-uso\/","title":{"rendered":"Rechtliche Hinweise und Nutzungsbedingungen"},"content":{"rendered":"<p><\/p>\n\n\n\n<h3 class=\"wp-block-heading\">I. ALLGEMEINE INFORMATIONEN<\/h3>\n\n\n\n<p>In Erf\u00fcllung der Informationspflicht gem\u00e4\u00df dem Gesetz 34\/2002 \u00fcber die Dienste der Informationsgesellschaft und den elektronischen Gesch\u00e4ftsverkehr (LSSI-CE) vom 11. Juli werden im Folgenden die allgemeinen Informationen zu dieser Website gegeben:<\/p>\n\n\n\n<p>Das Eigentum an dieser Website, mareabeachhouse-com.preview-domain.com, (im Folgenden Website) wird gehalten von: , Inhaber der Steueridentifikationsnummer: B09765561 und registriert unter: mit den folgenden Registerangaben: deren Vertreter ist: Simone Santacroce, und die Kontaktdaten sind:<\/p>\n\n\n\n<p>Anschrift: Avinguda Levant n.4, 07769 Cala Blanca<\/p>\n\n\n\n<p>Kontakttelefon: +34 679 79 51 56<\/p>\n\n\n\n<p>E-Mail-Kontakt: marketingmareabeachhouse@gmail.com<\/p>\n\n\n\n<h3 class=\"wp-block-heading\">II. ALLGEMEINE NUTZUNGSBEDINGUNGEN<\/h3>\n\n\n\n<h4 class=\"wp-block-heading\">Der Gegenstand der Bedingungen und Konditionen: Die Website<\/h4>\n\n\n\n<p>Zweck der vorliegenden Allgemeinen Nutzungsbedingungen (im Folgenden Bedingungen) ist es, den Zugang zu und die Nutzung der Website zu regeln. Im Sinne dieser Bedingungen sind unter der Website zu verstehen: das \u00e4u\u00dfere Erscheinungsbild der statischen und dynamischen Bildschirmoberfl\u00e4chen, d. h. der Navigationsbaum, und alle Elemente, die sowohl in die Bildschirmoberfl\u00e4chen als auch in den Navigationsbaum integriert sind (im Folgenden \"Inhalte\"), sowie alle Online-Dienste oder Ressourcen, die den Nutzern angeboten werden k\u00f6nnen (im Folgenden \"Dienste\").<\/p>\n\n\n\n<p>Marea Beach House beh\u00e4lt sich das Recht vor, jederzeit und ohne Vorank\u00fcndigung die Pr\u00e4sentation und Konfiguration der Website sowie die darin enthaltenen Inhalte und Dienstleistungen zu \u00e4ndern. Sie nehmen zur Kenntnis und erkl\u00e4ren sich damit einverstanden, dass Marea Beach House jederzeit diese Elemente, die in die Website integriert sind, oder den Zugang zu ihnen einstellen, deaktivieren und\/oder l\u00f6schen kann.<\/p>\n\n\n\n<p>Der Zugang des Nutzers zur Website ist kostenlos und erfolgt in der Regel unentgeltlich, ohne dass der Nutzer daf\u00fcr eine Gegenleistung erbringen muss, mit Ausnahme der Kosten f\u00fcr die Verbindung \u00fcber das Telekommunikationsnetz, die von dem vom Nutzer beauftragten Zugangsanbieter bereitgestellt werden.<\/p>\n\n\n\n<p>F\u00fcr die Nutzung der Inhalte ist keine vorherige Anmeldung oder Registrierung erforderlich.<\/p>\n\n\n\n<h4 class=\"wp-block-heading\">Der Benutzer<\/h4>\n\n\n\n<p>Der Zugang, das Surfen und die Nutzung der Website verleihen dem Nutzer die Eigenschaft eines Benutzers, und daher akzeptiert der Nutzer von dem Moment an, in dem er auf der Website surft, alle hier festgelegten Bedingungen sowie alle sp\u00e4teren \u00c4nderungen, unbeschadet der Anwendung der entsprechenden gesetzlichen Bestimmungen, die in jedem Fall eingehalten werden m\u00fcssen. In Anbetracht der Relevanz des Vorstehenden wird dem Benutzer empfohlen, sie bei jedem Besuch der Website zu lesen.<\/p>\n\n\n\n<p>Die Website des Marea Beach House bietet eine breite Palette von Informationen, Dienstleistungen und Daten. Der Benutzer \u00fcbernimmt die Verantwortung f\u00fcr die korrekte Nutzung der Website. Diese Verantwortung erstreckt sich auf:<\/p>\n\n\n\n<ul class=\"wp-block-list\">\n<li>Eine Nutzung der von Marea Beach House angebotenen Informationen, Inhalte und\/oder Dienstleistungen und Daten, die nicht gegen die Bestimmungen dieser Bedingungen, das Gesetz, die guten Sitten oder die \u00f6ffentliche Ordnung verst\u00f6\u00dft oder anderweitig zu einer Verletzung der Rechte Dritter oder des Betriebs der Website f\u00fchren kann.<\/li>\n\n\n\n<li>Die Richtigkeit und Rechtm\u00e4\u00dfigkeit der Informationen, die der Benutzer in den von Marea Beach House bereitgestellten Formularen f\u00fcr den Zugang zu bestimmten Inhalten oder Dienstleistungen, die auf der Website angeboten werden, angegeben hat. In jedem Fall ist der Benutzer verpflichtet, Marea Beach House unverz\u00fcglich \u00fcber jedes Ereignis zu informieren, das den Missbrauch der in diesen Formularen erfassten Daten erm\u00f6glicht, wie z.B., aber nicht ausschlie\u00dflich, Diebstahl, Verlust oder unbefugter Zugriff auf Identifizierungsmerkmale und\/oder Passw\u00f6rter, um die sofortige L\u00f6schung zu veranlassen.<\/li>\n<\/ul>\n\n\n\n<p>Der blo\u00dfe Zugang zu dieser Website stellt keinerlei Gesch\u00e4ftsbeziehung zwischen Marea Beach House und dem Nutzer dar.<\/p>\n\n\n\n<p>In \u00dcbereinstimmung mit der geltenden Gesetzgebung richtet sich diese Website von Marea Beach House an alle Personen, unabh\u00e4ngig von ihrem Alter, die auf die Seiten der Website zugreifen und \/ oder sie durchsuchen k\u00f6nnen.<\/p>\n\n\n\n<h3 class=\"wp-block-heading\">III. ZUGANG UND NAVIGATION AUF DER WEBSITE: AUSSCHLUSS VON GEW\u00c4HRLEISTUNG UND HAFTUNG<\/h3>\n\n\n\n<p>Marea Beach House \u00fcbernimmt keine Garantie f\u00fcr die Kontinuit\u00e4t, Verf\u00fcgbarkeit und Nutzbarkeit der Website, des Inhalts oder der Dienstleistungen. Marea Beach House wird alles tun, was m\u00f6glich ist, f\u00fcr das ordnungsgem\u00e4\u00dfe Funktionieren der Website, ist jedoch nicht verantwortlich oder garantieren, dass der Zugang zu dieser Website wird nicht ununterbrochen oder fehlerfrei sein.<\/p>\n\n\n\n<p>Auch ist nicht verantwortlich oder garantieren, dass der Inhalt oder die Software, die durch diese Website zugegriffen werden kann, ist frei von Fehlern oder Sch\u00e4den an der Computer-System (Software und Hardware) des Benutzers verursachen. In jedem Fall haftet Marea Beach House nicht f\u00fcr Verluste oder Sch\u00e4den jeglicher Art, die sich aus dem Zugang, der Navigation und der Nutzung der Website ergeben, einschlie\u00dflich, aber nicht beschr\u00e4nkt auf Sch\u00e4den an Computersystemen oder solche, die durch die Einf\u00fchrung von Viren verursacht werden.<\/p>\n\n\n\n<p>Marea Beach House haftet nicht f\u00fcr Sch\u00e4den, die den Benutzern durch unsachgem\u00e4\u00dfe Nutzung dieser Website entstehen k\u00f6nnen. Insbesondere ist es in keiner Weise verantwortlich f\u00fcr die F\u00e4lle, Unterbrechungen, Ausfall oder Defekt der Telekommunikation, die auftreten k\u00f6nnen.<\/p>\n\n\n\n<h3 class=\"wp-block-heading\">IV. KOPPLUNGSPOLITIK<\/h3>\n\n\n\n<p>Es wird darauf hingewiesen, dass die Website Marea Beach House den Nutzern Links (wie u.a. Links, Banner, Schaltfl\u00e4chen), Verzeichnisse und Suchmaschinen zur Verf\u00fcgung stellt oder stellen kann, die es den Nutzern erm\u00f6glichen, auf Websites zuzugreifen, die Dritten geh\u00f6ren und\/oder von diesen verwaltet werden.<\/p>\n\n\n\n<p>Die Einrichtung dieser Links, Verzeichnisse und Suchmaschinen auf der Website soll den Nutzern die Suche nach und den Zugang zu den im Internet verf\u00fcgbaren Informationen erleichtern und darf nicht als Anregung, Empfehlung oder Aufforderung zum Besuch dieser Websites verstanden werden.<\/p>\n\n\n\n<p>Marea Beach House bietet oder vermarktet weder selbst noch \u00fcber Dritte die auf diesen verlinkten Seiten verf\u00fcgbaren Produkte und\/oder Dienstleistungen.<\/p>\n\n\n\n<p>Marea Beach House bietet gesponserte Inhalte, Werbung und \/ oder Affiliate-Links. Die Informationen, die in diesen Affiliate-Links oder Anzeigen erscheinen, werden von den Inserenten selbst zur Verf\u00fcgung gestellt, so Marea Beach House ist nicht verantwortlich f\u00fcr Ungenauigkeiten oder Fehler, die die Anzeigen enthalten k\u00f6nnen, noch garantieren in irgendeiner Weise das Know-how, Integrit\u00e4t oder Verantwortung der Inserenten oder die Qualit\u00e4t ihrer Produkte und \/ oder Dienstleistungen.<\/p>\n\n\n\n<p>Sie \u00fcbernimmt auch keine Garantie f\u00fcr die technische Verf\u00fcgbarkeit, Genauigkeit, Richtigkeit, G\u00fcltigkeit oder Rechtm\u00e4\u00dfigkeit von Websites, die nicht in ihrem Besitz sind und auf die \u00fcber die Links zugegriffen werden kann.<\/p>\n\n\n\n<p>Marea Beach House \u00fcberpr\u00fcft oder kontrolliert in keiner Weise den Inhalt anderer Websites, noch billigt, pr\u00fcft oder unterst\u00fctzt es die Produkte und Dienstleistungen, den Inhalt, die Dateien und jedes andere Material auf diesen verlinkten Websites.<\/p>\n\n\n\n<p>Marea Beach House \u00fcbernimmt keine Haftung f\u00fcr Sch\u00e4den, die sich aus dem Zugang, der Nutzung, der Qualit\u00e4t oder der Rechtm\u00e4\u00dfigkeit des Inhalts, der Mitteilungen, der Meinungen, der Produkte und der Dienstleistungen von Websites ergeben, die nicht von Marea Beach House verwaltet werden und die mit dieser Website verbunden sind.<\/p>\n\n\n\n<p>Der Benutzer oder ein Dritter, der einen Hyperlink von einer anderen Website auf die Website von Marea Beach House setzt, sollte wissen, dass:<\/p>\n\n\n\n<p>Ohne die ausdr\u00fcckliche Genehmigung von Marea Beach House ist es nicht gestattet, den Inhalt und\/oder die Dienstleistungen der Website ganz oder teilweise zu reproduzieren.<\/p>\n\n\n\n<p>Es ist nicht erlaubt, jede falsche, ungenaue oder falsche Aussage \u00fcber die Website Marea Beach House, oder der Inhalt und \/ oder Dienstleistungen der gleichen.<\/p>\n\n\n\n<p>Mit Ausnahme des Hyperlinks enth\u00e4lt die Website, auf der der Hyperlink eingerichtet ist, keine Elemente dieser Website, die als geistiges Eigentum durch die spanische Rechtsordnung gesch\u00fctzt sind, es sei denn, Marea Beach House hat dies ausdr\u00fccklich genehmigt.<\/p>\n\n\n\n<p>Die Einrichtung des Hyperlinks bedeutet nicht, die Existenz von Beziehungen zwischen Marea Beach House und dem Eigent\u00fcmer der Website, von der es gemacht wird, noch die Kenntnis und Akzeptanz von Marea Beach House der Inhalte, Dienstleistungen und \/ oder Aktivit\u00e4ten auf der Website angeboten, und umgekehrt.<\/p>\n\n\n\n<h3 class=\"wp-block-heading\">V. GEISTIGES UND GEWERBLICHES EIGENTUM<\/h3>\n\n\n\n<p>Marea Beach House ist selbst oder als Bevollm\u00e4chtigter Eigent\u00fcmer aller geistigen und gewerblichen Eigentumsrechte der Website sowie der darin enthaltenen Elemente (einschlie\u00dflich, aber nicht beschr\u00e4nkt auf Bilder, Ton, Audio, Video, Software oder Text, Marken oder Logos, Farbkombinationen, Struktur und Design, Auswahl der verwendeten Materialien, Computerprogramme, die f\u00fcr den Betrieb, den Zugang und die Nutzung der Website erforderlich sind, usw.). Es handelt sich also um Werke, die als geistiges Eigentum durch das spanische Rechtssystem gesch\u00fctzt sind, da auf sie sowohl die spanischen und gemeinschaftlichen Vorschriften in diesem Bereich als auch die von Spanien unterzeichneten internationalen Vertr\u00e4ge in diesem Bereich Anwendung finden.<\/p>\n\n\n\n<p>Alle Rechte vorbehalten. Gem\u00e4\u00df den Bestimmungen des Gesetzes zum Schutz des geistigen Eigentums sind die Vervielf\u00e4ltigung, die Verbreitung und die \u00f6ffentliche Wiedergabe, einschlie\u00dflich der Zurverf\u00fcgungstellung, des gesamten oder eines Teils des Inhalts dieser Website zu kommerziellen Zwecken in jedem Medium und mit allen technischen Mitteln ohne Genehmigung von Marea Beach House ausdr\u00fccklich verboten.<\/p>\n\n\n\n<p>Der Benutzer verpflichtet sich, die geistigen und gewerblichen Eigentumsrechte von Marea Beach House zu respektieren. Sie k\u00f6nnen die Elemente der Website ansehen oder sogar ausdrucken, kopieren und auf der Festplatte Ihres Computers oder einer anderen Hardware speichern, sofern dies ausschlie\u00dflich f\u00fcr den pers\u00f6nlichen Gebrauch geschieht. Der Benutzer darf jedoch keine Schutzvorrichtungen oder Sicherheitssysteme, die auf der Website installiert wurden, entfernen, ver\u00e4ndern oder manipulieren.<\/p>\n\n\n\n<p>Sollte der Nutzer oder ein Dritter der Meinung sein, dass einer der Inhalte der Website eine Verletzung der Rechte zum Schutz des geistigen Eigentums darstellt, m\u00fcssen Sie Marea Beach House unverz\u00fcglich \u00fcber die Kontaktdaten im Abschnitt ALLGEMEINE INFORMATIONEN der vorliegenden rechtlichen Hinweise und allgemeinen Nutzungsbedingungen informieren.<\/p>\n\n\n\n<h3 class=\"wp-block-heading\">VI. GERICHTSVERFAHREN, ANWENDBARES RECHT UND GERICHTSBARKEIT<\/h3>\n\n\n\n<p>Marea Beach House beh\u00e4lt sich das Recht vor, zivil- oder strafrechtliche Schritte einzuleiten, die es f\u00fcr den Missbrauch der Website und der Inhalte oder f\u00fcr die Verletzung der vorliegenden Bedingungen f\u00fcr notwendig erachtet.<\/p>\n\n\n\n<p>Die Beziehung zwischen dem Benutzer und Marea Beach House wird durch die geltenden und auf spanischem Gebiet anwendbaren Vorschriften geregelt. Im Falle von Streitigkeiten in Bezug auf die Auslegung und \/ oder Anwendung dieser Allgemeinen Gesch\u00e4ftsbedingungen unterwerfen die Parteien ihre Streitigkeiten der ordentlichen Gerichtsbarkeit, indem sie sich den Richtern und Gerichten unterwerfen, die nach dem Gesetz gelten.<\/p>\n\n\n\n<p>Das vorliegende Dokument mit den rechtlichen Hinweisen und den allgemeinen Nutzungsbedingungen der Website wurde mit Hilfe des Generators von&nbsp;<a href=\"https:\/\/legales.zimrre.com\/\" target=\"_blank\" rel=\"noopener\">Vorlage Rechtshinweis und Nutzungsbedingungen<\/a>&nbsp;online am 16\/07\/2021.<\/p>","protected":false},"excerpt":{"rendered":"<p>I. INFORMACI\u00d3N GENERAL En cumplimiento con el deber de informaci\u00f3n dispuesto en la Ley 34\/2002 de Servicios de la Sociedad de la Informaci\u00f3n y el Comercio Electr\u00f3nico (LSSI-CE) de 11 de julio, se facilitan a continuaci\u00f3n los siguientes datos de informaci\u00f3n general de este sitio web: La titularidad de este sitio web,&nbsp;mareabeachhouse-com.preview-domain.com, (en adelante, Sitio [&hellip;]<\/p>\n","protected":false},"author":1,"featured_media":0,"parent":0,"menu_order":0,"comment_status":"closed","ping_status":"closed","template":"","meta":{"site-sidebar-layout":"default","site-content-layout":"","ast-site-content-layout":"default","site-content-style":"default","site-sidebar-style":"default","ast-global-header-display":"","ast-banner-title-visibility":"","ast-main-header-display":"","ast-hfb-above-header-display":"","ast-hfb-below-header-display":"","ast-hfb-mobile-header-display":"","site-post-title":"","ast-breadcrumbs-content":"","ast-featured-img":"","footer-sml-layout":"","ast-disable-related-posts":"","theme-transparent-header-meta":"","adv-header-id-meta":"","stick-header-meta":"","header-above-stick-meta":"","header-main-stick-meta":"","header-below-stick-meta":"","astra-migrate-meta-layouts":"set","ast-page-background-enabled":"default","ast-page-background-meta":{"desktop":{"background-color":"","background-image":"","background-repeat":"repeat","background-position":"center center","background-size":"auto","background-attachment":"scroll","background-type":"","background-media":"","overlay-type":"","overlay-color":"","overlay-opacity":"","overlay-gradient":""},"tablet":{"background-color":"","background-image":"","background-repeat":"repeat","background-position":"center center","background-size":"auto","background-attachment":"scroll","background-type":"","background-media":"","overlay-type":"","overlay-color":"","overlay-opacity":"","overlay-gradient":""},"mobile":{"background-color":"","background-image":"","background-repeat":"repeat","background-position":"center center","background-size":"auto","background-attachment":"scroll","background-type":"","background-media":"","overlay-type":"","overlay-color":"","overlay-opacity":"","overlay-gradient":""}},"ast-content-background-meta":{"desktop":{"background-color":"var(--ast-global-color-5)","background-image":"","background-repeat":"repeat","background-position":"center center","background-size":"auto","background-attachment":"scroll","background-type":"","background-media":"","overlay-type":"","overlay-color":"","overlay-opacity":"","overlay-gradient":""},"tablet":{"background-color":"var(--ast-global-color-5)","background-image":"","background-repeat":"repeat","background-position":"center center","background-size":"auto","background-attachment":"scroll","background-type":"","background-media":"","overlay-type":"","overlay-color":"","overlay-opacity":"","overlay-gradient":""},"mobile":{"background-color":"var(--ast-global-color-5)","background-image":"","background-repeat":"repeat","background-position":"center center","background-size":"auto","background-attachment":"scroll","background-type":"","background-media":"","overlay-type":"","overlay-color":"","overlay-opacity":"","overlay-gradient":""}},"_joinchat":[],"footnotes":""},"class_list":["post-2360","page","type-page","status-publish","hentry"],"_links":{"self":[{"href":"https:\/\/mareabeachhouse.com\/de\/wp-json\/wp\/v2\/pages\/2360","targetHints":{"allow":["GET"]}}],"collection":[{"href":"https:\/\/mareabeachhouse.com\/de\/wp-json\/wp\/v2\/pages"}],"about":[{"href":"https:\/\/mareabeachhouse.com\/de\/wp-json\/wp\/v2\/types\/page"}],"author":[{"embeddable":true,"href":"https:\/\/mareabeachhouse.com\/de\/wp-json\/wp\/v2\/users\/1"}],"replies":[{"embeddable":true,"href":"https:\/\/mareabeachhouse.com\/de\/wp-json\/wp\/v2\/comments?post=2360"}],"version-history":[{"count":4,"href":"https:\/\/mareabeachhouse.com\/de\/wp-json\/wp\/v2\/pages\/2360\/revisions"}],"predecessor-version":[{"id":4697,"href":"https:\/\/mareabeachhouse.com\/de\/wp-json\/wp\/v2\/pages\/2360\/revisions\/4697"}],"wp:attachment":[{"href":"https:\/\/mareabeachhouse.com\/de\/wp-json\/wp\/v2\/media?parent=2360"}],"curies":[{"name":"wp","href":"https:\/\/api.w.org\/{rel}","templated":true}]}}