{"id":3,"date":"2024-04-23T16:40:45","date_gmt":"2024-04-23T14:40:45","guid":{"rendered":"http:\/\/mareabeachhouse.com\/?page_id=3"},"modified":"2026-03-28T16:37:05","modified_gmt":"2026-03-28T15:37:05","slug":"privacy-policy","status":"publish","type":"page","link":"https:\/\/mareabeachhouse.com\/de\/politica-privacidad\/","title":{"rendered":"Datenschutzbestimmungen"},"content":{"rendered":"<h3 class=\"wp-block-heading\">I. DATENSCHUTZ UND DATENSCHUTZPOLITIK<\/h3>\n\n\n\n<p>Marea Beach House (im Folgenden auch Website) verpflichtet sich, unter Beachtung der geltenden Rechtsvorschriften die erforderlichen technischen und organisatorischen Ma\u00dfnahmen zu ergreifen, die dem Risiko der erhobenen Daten angemessen sind.<\/p>\n\n\n\n<h4 class=\"wp-block-heading\">Gesetze, die in diese Datenschutzrichtlinie aufgenommen wurden<\/h4>\n\n\n\n<p>Diese Datenschutzpolitik ist an die aktuelle spanische und europ\u00e4ische Gesetzgebung zum Schutz pers\u00f6nlicher Daten im Internet angepasst. Sie beachtet insbesondere die folgenden Regeln:<\/p>\n\n\n\n<ul class=\"wp-block-list\">\n<li>Verordnung (EU) 2016\/679 des Europ\u00e4ischen Parlaments und des Rates vom 27. April 2016 zum Schutz nat\u00fcrlicher Personen bei der Verarbeitung personenbezogener Daten und zum freien Datenverkehr (GDPR).<\/li>\n\n\n\n<li>Organgesetz 3\/2018 vom 5. Dezember \u00fcber den Schutz personenbezogener Daten und die Gew\u00e4hrleistung der digitalen Rechte (LOPD-GDD).<\/li>\n\n\n\n<li>K\u00f6niglicher Erlass 1720\/2007 vom 21. Dezember zur Verabschiedung der Verordnung zur Durchf\u00fchrung des Organgesetzes 15\/1999 vom 13. Dezember \u00fcber den Schutz personenbezogener Daten (RDLOPD).<\/li>\n\n\n\n<li>Gesetz 34\/2002 vom 11. Juli \u00fcber die Dienste der Informationsgesellschaft und den elektronischen Handel (LSSI-CE).<\/li>\n<\/ul>\n\n\n\n<h4 class=\"wp-block-heading\">Identit\u00e4t des f\u00fcr die Verarbeitung der personenbezogenen Daten Verantwortlichen<\/h4>\n\n\n\n<p>Der Verantwortliche f\u00fcr die Verarbeitung der in Marea Beach House gesammelten personenbezogenen Daten ist: Cala Real Estate S.L., versehen mit NIF: B09765561 und eingetragen in: mit den folgenden Registrierungsdaten: Marea Beach House (im Folgenden: f\u00fcr die Verarbeitung Verantwortlicher), dessen Vertreter: Marea Beach House (im Folgenden: f\u00fcr die Verarbeitung Verantwortlicher). Seine Kontaktdaten lauten wie folgt:<\/p>\n\n\n\n<p>Anschrift: Avinguda Levant n.4<\/p>\n\n\n\n<p>Kontakttelefon: +34 679 79 51 56<\/p>\n\n\n\n<p>E-Mail-Kontakt: marketingmareabeachhouse@gmail.com<\/p>\n\n\n\n<h4 class=\"wp-block-heading\">Register der personenbezogenen Daten<\/h4>\n\n\n\n<p>In \u00dcbereinstimmung mit den Bestimmungen der RGPD und der LOPD-GDD, informieren wir Sie, dass die pers\u00f6nlichen Daten, die von Marea Beach House gesammelt werden, durch die Formulare auf ihren Seiten zur Verf\u00fcgung gestellt werden und werden in unserer Datei behandelt werden, um zu erleichtern, zu beschleunigen und erf\u00fcllen die Verpflichtungen zwischen Marea Beach House und dem Benutzer oder die Aufrechterhaltung der Beziehung in den Formularen, die diese f\u00fcllen, oder auf einen Antrag oder eine Anfrage von den gleichen zu reagieren. Au\u00dferdem wird gem\u00e4\u00df den Bestimmungen der RGPD und der LOPD-GDD, sofern nicht die in Artikel 30.5 der RGPD vorgesehene Ausnahme zur Anwendung kommt, ein Verzeichnis der Verarbeitungst\u00e4tigkeiten gef\u00fchrt, in dem je nach Zweck die durchgef\u00fchrten Verarbeitungst\u00e4tigkeiten und andere in der RGPD festgelegte Umst\u00e4nde aufgef\u00fchrt sind.<\/p>\n\n\n\n<h4 class=\"wp-block-heading\">F\u00fcr die Verarbeitung personenbezogener Daten geltende Grunds\u00e4tze<\/h4>\n\n\n\n<p>Die Verarbeitung der personenbezogenen Daten des Nutzers unterliegt den folgenden Grunds\u00e4tzen, die in Artikel 5 der RGPD und in Artikel 4 ff. des Organgesetzes 3\/2018 vom 5. Dezember \u00fcber den Schutz personenbezogener Daten und die Gew\u00e4hrleistung der digitalen Rechte festgelegt sind:<\/p>\n\n\n\n<ul class=\"wp-block-list\">\n<li>Grundsatz der Rechtm\u00e4\u00dfigkeit, Fairness und Transparenz: Die Zustimmung des Nutzers ist jederzeit nach vollst\u00e4ndiger und transparenter Information \u00fcber die Zwecke, f\u00fcr die die personenbezogenen Daten erhoben werden, erforderlich.<\/li>\n\n\n\n<li>Grundsatz der Zweckbindung: Personenbezogene Daten werden f\u00fcr festgelegte, eindeutige und rechtm\u00e4\u00dfige Zwecke erhoben.<\/li>\n\n\n\n<li>Grundsatz der Datenminimierung: Es werden nur die personenbezogenen Daten erhoben, die f\u00fcr die Zwecke, f\u00fcr die sie verarbeitet werden, unbedingt erforderlich sind.<\/li>\n\n\n\n<li>Grundsatz der sachlichen Richtigkeit: Personenbezogene Daten m\u00fcssen sachlich richtig und stets auf dem neuesten Stand sein.<\/li>\n\n\n\n<li>Grundsatz der Begrenzung der Speicherdauer: Personenbezogene Daten werden nur in einer Form gespeichert, die die Identifizierung des Nutzers f\u00fcr den Zeitraum erm\u00f6glicht, der f\u00fcr die Zwecke ihrer Verarbeitung erforderlich ist.<\/li>\n\n\n\n<li>Grundsatz der Integrit\u00e4t und Vertraulichkeit: Personenbezogene Daten sind so zu verarbeiten, dass ihre Sicherheit und Vertraulichkeit gew\u00e4hrleistet ist.<\/li>\n\n\n\n<li>Grundsatz der proaktiven Rechenschaftspflicht: Der f\u00fcr die Verarbeitung Verantwortliche ist daf\u00fcr zust\u00e4ndig, dass die oben genannten Grunds\u00e4tze eingehalten werden.<\/li>\n<\/ul>\n\n\n\n<h4 class=\"wp-block-heading\">Kategorien von personenbezogenen Daten<\/h4>\n\n\n\n<p>Bei den von Marea Beach House verarbeiteten Datenkategorien handelt es sich ausschlie\u00dflich um Identifikationsdaten. Unter keinen Umst\u00e4nden werden besondere Kategorien personenbezogener Daten im Sinne von Artikel 9 der Datenschutz-Grundverordnung verarbeitet.<\/p>\n\n\n\n<h4 class=\"wp-block-heading\">Rechtsgrundlage f\u00fcr die Verarbeitung von personenbezogenen Daten<\/h4>\n\n\n\n<p>Die Rechtsgrundlage f\u00fcr die Verarbeitung personenbezogener Daten ist die Einwilligung. Marea Beach House verpflichtet sich, die ausdr\u00fcckliche und \u00fcberpr\u00fcfbare Zustimmung des Nutzers f\u00fcr die Verarbeitung personenbezogener Daten f\u00fcr einen oder mehrere bestimmte Zwecke einzuholen.<\/p>\n\n\n\n<p>Der Nutzer hat das Recht, seine Zustimmung jederzeit zu widerrufen. Der Widerruf der Einwilligung muss genauso einfach sein wie die Erteilung der Einwilligung. In der Regel darf der Widerruf der Zustimmung die Nutzung der Website nicht beeintr\u00e4chtigen.<\/p>\n\n\n\n<p>In den F\u00e4llen, in denen der Nutzer seine Daten \u00fcber Formulare angeben muss oder kann, um Anfragen zu stellen, Informationen anzufordern oder aus Gr\u00fcnden, die mit dem Inhalt der Website zusammenh\u00e4ngen, wird er dar\u00fcber informiert, wenn das Ausf\u00fcllen eines dieser Formulare obligatorisch ist, weil es f\u00fcr die korrekte Abwicklung der durchgef\u00fchrten Operation unerl\u00e4sslich ist.<\/p>\n\n\n\n<h4 class=\"wp-block-heading\">Zwecke der Verarbeitung, f\u00fcr die die personenbezogenen Daten verwendet werden<\/h4>\n\n\n\n<p>Pers\u00f6nliche Daten werden von Marea Beach House gesammelt und verwaltet, um die zwischen der Website und dem Benutzer eingegangenen Verpflichtungen zu erleichtern, zu beschleunigen und zu erf\u00fcllen oder um die in den von ihm ausgef\u00fcllten Formularen festgelegte Beziehung aufrechtzuerhalten oder um auf eine Anfrage oder einen Antrag zu antworten.<\/p>\n\n\n\n<p>Die Daten k\u00f6nnen auch zu kommerziellen Zwecken der Personalisierung, f\u00fcr operative und statistische Zwecke sowie f\u00fcr Aktivit\u00e4ten im Rahmen des Unternehmenszwecks von Marea Beach House verwendet werden, ebenso wie f\u00fcr die Extraktion, Speicherung von Daten und Marketingstudien zur Anpassung der dem Benutzer angebotenen Inhalte und zur Verbesserung der Qualit\u00e4t, Leistung und Navigation auf der Website.<\/p>\n\n\n\n<p>Zum Zeitpunkt der Erhebung der personenbezogenen Daten wird der Nutzer \u00fcber den\/die spezifischen Zweck(e) der Verarbeitung informiert, f\u00fcr den\/die die personenbezogenen Daten verwendet werden, d. h. \u00fcber die Verwendung(en), f\u00fcr die die erhobenen Informationen genutzt werden.<\/p>\n\n\n\n<h4 class=\"wp-block-heading\">Aufbewahrungsfristen f\u00fcr personenbezogene Daten<\/h4>\n\n\n\n<p>Personenbezogene Daten werden nur so lange aufbewahrt, wie es f\u00fcr die Zwecke ihrer Verarbeitung erforderlich ist, und in jedem Fall nur f\u00fcr den folgenden Zeitraum: 24 Monate oder bis der Nutzer ihre L\u00f6schung beantragt.<\/p>\n\n\n\n<p>Zum Zeitpunkt der Erhebung der personenbezogenen Daten wird der Nutzer \u00fcber den Zeitraum informiert, f\u00fcr den die personenbezogenen Daten aufbewahrt werden, oder, falls dies nicht m\u00f6glich ist, \u00fcber die Kriterien, nach denen dieser Zeitraum festgelegt wird.<\/p>\n\n\n\n<h4 class=\"wp-block-heading\">Empf\u00e4nger von personenbezogenen Daten<\/h4>\n\n\n\n<p>Die pers\u00f6nlichen Daten des Nutzers werden nicht an Dritte weitergegeben.<\/p>\n\n\n\n<p>In jedem Fall wird der Nutzer zum Zeitpunkt der Erhebung der personenbezogenen Daten \u00fcber die Empf\u00e4nger oder Kategorien von Empf\u00e4ngern der personenbezogenen Daten informiert.<\/p>\n\n\n\n<h4 class=\"wp-block-heading\">Personenbezogene Daten von Minderj\u00e4hrigen<\/h4>\n\n\n\n<p>Unter Beachtung der Bestimmungen von Artikel 8 der DSGVO und Artikel 7 des Gesetzes 3\/2018 vom 5. Dezember \u00fcber den Schutz personenbezogener Daten und die Gew\u00e4hrleistung digitaler Rechte k\u00f6nnen nur Personen \u00fcber 14 Jahren ihre Zustimmung zur rechtm\u00e4\u00dfigen Verarbeitung ihrer personenbezogenen Daten durch Marea Beach House geben. Im Falle von Minderj\u00e4hrigen unter 14 Jahren ist die Zustimmung der Eltern oder des Vormunds f\u00fcr die Verarbeitung erforderlich, die nur dann als rechtm\u00e4\u00dfig gilt, wenn sie sie genehmigt haben.<\/p>\n\n\n\n<h4 class=\"wp-block-heading\">Geheimhaltung und Sicherheit der personenbezogenen Daten<\/h4>\n\n\n\n<p>Marea Beach House verpflichtet sich, die notwendigen technischen und organisatorischen Ma\u00dfnahmen zu ergreifen, die dem Risiko der erhobenen Daten angemessen sind, um die Sicherheit der personenbezogenen Daten zu gew\u00e4hrleisten und die versehentliche oder unrechtm\u00e4\u00dfige Zerst\u00f6rung, den Verlust oder die Ver\u00e4nderung der \u00fcbermittelten, gespeicherten oder anderweitig verarbeiteten personenbezogenen Daten sowie die unbefugte Weitergabe oder den unbefugten Zugriff auf diese Daten zu verhindern.<\/p>\n\n\n\n<p>Die Website verf\u00fcgt \u00fcber ein SSL-Zertifikat (Secure Socket Layer), das die sichere und vertrauliche \u00dcbermittlung personenbezogener Daten gew\u00e4hrleistet, da die Daten\u00fcbertragung zwischen dem Server und dem Nutzer vollst\u00e4ndig verschl\u00fcsselt oder verschl\u00fcsselt wird.<\/p>\n\n\n\n<p>Da Marea Beach House jedoch weder die Uneinnehmbarkeit des Internets noch die v\u00f6llige Abwesenheit von Hackern oder anderen Personen, die in betr\u00fcgerischer Absicht auf personenbezogene Daten zugreifen, garantieren kann, verpflichtet sich der f\u00fcr die Verarbeitung Verantwortliche, den Nutzer unverz\u00fcglich zu informieren, wenn eine Verletzung der Sicherheit personenbezogener Daten auftritt, die ein hohes Risiko f\u00fcr die Rechte und Freiheiten nat\u00fcrlicher Personen darstellen kann. Gem\u00e4\u00df Artikel 4 der Datenschutz-Grundverordnung ist unter einer Verletzung der Sicherheit personenbezogener Daten jede Verletzung der Sicherheit zu verstehen, die zur zuf\u00e4lligen oder unrechtm\u00e4\u00dfigen Zerst\u00f6rung, zum Verlust oder zur Ver\u00e4nderung von \u00fcbermittelten, gespeicherten oder anderweitig verarbeiteten personenbezogenen Daten oder zur unbefugten Weitergabe dieser Daten oder zum unbefugten Zugang zu diesen Daten f\u00fchrt.<\/p>\n\n\n\n<p>Der f\u00fcr die Verarbeitung Verantwortliche behandelt die personenbezogenen Daten vertraulich und verpflichtet sich, seine Mitarbeiter, Partner und alle anderen Personen, denen er die Informationen zug\u00e4nglich macht, dar\u00fcber zu informieren und durch eine gesetzliche oder vertragliche Verpflichtung sicherzustellen, dass diese Vertraulichkeit gewahrt bleibt.<\/p>\n\n\n\n<h4 class=\"wp-block-heading\">Rechte, die sich aus der Verarbeitung von personenbezogenen Daten ergeben<\/h4>\n\n\n\n<p>Der Benutzer hat gegen\u00fcber Marea Beach House das Recht, gegen\u00fcber dem Datenverwalter die folgenden Rechte geltend zu machen, die in der RGPD und im Organgesetz 3\/2018 vom 5. Dezember \u00fcber den Schutz personenbezogener Daten und die Garantie der digitalen Rechte anerkannt sind:<\/p>\n\n\n\n<ul class=\"wp-block-list\">\n<li><em>Recht auf Zugang:<\/em>&nbsp;Der Benutzer hat das Recht, eine Best\u00e4tigung dar\u00fcber zu erhalten, ob Marea Beach House seine pers\u00f6nlichen Daten verarbeitet oder nicht, und wenn ja, Informationen \u00fcber seine spezifischen pers\u00f6nlichen Daten und die Behandlung, die Marea Beach House vorgenommen hat oder vornehmen wird, zu erhalten, sowie unter anderem die verf\u00fcgbaren Informationen \u00fcber die Herkunft dieser Daten und die Empf\u00e4nger der f\u00fcr sie vorgenommenen oder geplanten Mitteilungen.<\/li>\n\n\n\n<li><em>Recht auf Berichtigung:<\/em>&nbsp;Dies ist das Recht des Nutzers, seine personenbezogenen Daten \u00e4ndern zu lassen, wenn sie sich als unrichtig oder im Hinblick auf den Zweck der Verarbeitung als unvollst\u00e4ndig erweisen.<\/li>\n\n\n\n<li><em>Recht auf L\u00f6schung (\"Recht auf Vergessenwerden\"):<\/em>&nbsp;Sofern gesetzlich nicht anders vorgesehen, hat der Nutzer das Recht, die L\u00f6schung seiner personenbezogenen Daten zu verlangen, wenn diese f\u00fcr die Zwecke, f\u00fcr die sie erhoben oder verarbeitet wurden, nicht mehr erforderlich sind, wenn der Nutzer seine Einwilligung zu der Verarbeitung widerrufen hat und es keine andere rechtm\u00e4\u00dfige Grundlage f\u00fcr die Verarbeitung gibt; der Nutzer Widerspruch gegen die Verarbeitung eingelegt hat und kein anderer rechtm\u00e4\u00dfiger Grund f\u00fcr die Fortsetzung der Verarbeitung vorliegt; die personenbezogenen Daten unrechtm\u00e4\u00dfig verarbeitet wurden; die personenbezogenen Daten aufgrund einer rechtlichen Verpflichtung gel\u00f6scht werden m\u00fcssen; oder die personenbezogenen Daten im Rahmen eines Direktangebots von Diensten der Informationsgesellschaft an ein Kind unter 14 Jahren erhoben wurden. Zus\u00e4tzlich zur L\u00f6schung ergreift der f\u00fcr die Verarbeitung Verantwortliche unter Ber\u00fccksichtigung der verf\u00fcgbaren Technologie und der Kosten ihrer Umsetzung angemessene Ma\u00dfnahmen, um die f\u00fcr die Verarbeitung Verantwortlichen, die die personenbezogenen Daten verarbeiten, \u00fcber den Antrag der betroffenen Person auf L\u00f6schung aller Verkn\u00fcpfungen mit diesen personenbezogenen Daten zu informieren.<\/li>\n\n\n\n<li><em>Recht auf Einschr\u00e4nkung der Verarbeitung:<\/em>&nbsp;Dies ist das Recht des Nutzers, die Verarbeitung seiner personenbezogenen Daten einzuschr\u00e4nken. Der Nutzer hat das Recht, die Einschr\u00e4nkung der Verarbeitung zu erwirken, wenn er die Richtigkeit seiner personenbezogenen Daten bestreitet, die Verarbeitung unrechtm\u00e4\u00dfig ist, der f\u00fcr die Verarbeitung Verantwortliche die personenbezogenen Daten nicht mehr ben\u00f6tigt, der Nutzer sie aber zur Geltendmachung von Anspr\u00fcchen ben\u00f6tigt, und wenn der Nutzer der Verarbeitung widersprochen hat.<\/li>\n\n\n\n<li><em>Recht auf Daten\u00fcbertragbarkeit:<\/em>&nbsp;Im Falle einer automatisierten Verarbeitung hat der Nutzer das Recht, von dem f\u00fcr die Verarbeitung Verantwortlichen seine personenbezogenen Daten in einem strukturierten, g\u00e4ngigen und maschinenlesbaren Format zu erhalten und sie einem anderen f\u00fcr die Verarbeitung Verantwortlichen zu \u00fcbermitteln. Soweit technisch machbar, \u00fcbermittelt der f\u00fcr die Verarbeitung Verantwortliche die Daten direkt an diesen anderen f\u00fcr die Verarbeitung Verantwortlichen.<\/li>\n\n\n\n<li><em>Recht auf Widerspruch:<\/em>&nbsp;Der Nutzer hat das Recht, die Verarbeitung personenbezogener Daten zu verweigern oder deren Verarbeitung durch Marea Beach House zu beenden.<\/li>\n\n\n\n<li><em>Das Recht, keiner Entscheidung unterworfen zu werden, die ausschlie\u00dflich auf einer automatisierten Verarbeitung, einschlie\u00dflich Profiling, beruht:<\/em>&nbsp;Dies ist das Recht des Nutzers, keiner individualisierten Entscheidung unterworfen zu werden, die ausschlie\u00dflich auf einer automatisierten Verarbeitung seiner personenbezogenen Daten beruht, einschlie\u00dflich Profiling, es sei denn, das Gesetz sieht etwas anderes vor.<\/li>\n<\/ul>\n\n\n\n<p>Daher kann der Nutzer seine Rechte durch eine schriftliche Mitteilung an den f\u00fcr die Datenverarbeitung Verantwortlichen mit dem Betreff \"RGPD-mareabeachhouse-com.preview-domain.com\" aus\u00fcben:<\/p>\n\n\n\n<ul class=\"wp-block-list\">\n<li>Name, Nachname(n) des Nutzers und Kopie des Personalausweises. In den F\u00e4llen, in denen eine Vertretung zul\u00e4ssig ist, muss auch die Person, die den Nutzer vertritt, mit denselben Mitteln identifiziert werden, ebenso wie das Dokument, das die Vertretung best\u00e4tigt. Die Fotokopie des DNI kann durch jedes andere rechtsg\u00fcltige Mittel ersetzt werden, das die Identit\u00e4t best\u00e4tigt.<\/li>\n\n\n\n<li>Antrag mit spezifischen Gr\u00fcnden f\u00fcr den Antrag oder die Informationen, auf die zugegriffen werden soll.<\/li>\n\n\n\n<li>Anschrift f\u00fcr die Zustellung von Mitteilungen.<\/li>\n\n\n\n<li>Datum und Unterschrift des Antragstellers.<\/li>\n\n\n\n<li>Alle Dokumente, die den Antrag belegen.<\/li>\n<\/ul>\n\n\n\n<p>Diese Bewerbung und alle Anlagen k\u00f6nnen an die folgende Adresse und\/oder E-Mail-Adresse geschickt werden:<\/p>\n\n\n\n<p>Postanschrift: Avinguda Levant n.4<\/p>\n\n\n\n<p>E-Mail: pablo@mareabeachhouse-com.preview-domain.com<\/p>\n\n\n\n<h4 class=\"wp-block-heading\">Links zu Websites Dritter<\/h4>\n\n\n\n<p>Die Website kann Hyperlinks oder Links enthalten, die den Zugang zu anderen Websites als Marea Beach House erm\u00f6glichen und daher nicht von Marea Beach House betrieben werden. Die Eigent\u00fcmer dieser Websites haben ihre eigene Datenschutzpolitik und sind in jedem Fall selbst f\u00fcr ihre eigenen Dateien und ihre eigenen Datenschutzpraktiken verantwortlich.<\/p>\n\n\n\n<h4 class=\"wp-block-heading\">Beschwerden bei der Aufsichtsbeh\u00f6rde<\/h4>\n\n\n\n<p>Sollte der Nutzer der Ansicht sein, dass die Art und Weise der Verarbeitung seiner personenbezogenen Daten ein Problem oder einen Versto\u00df gegen die geltenden Vorschriften darstellt, hat er das Recht auf wirksamen Rechtsschutz und das Recht, eine Beschwerde bei einer Aufsichtsbeh\u00f6rde einzureichen, insbesondere in dem Staat, in dem er seinen gew\u00f6hnlichen Aufenthalt, seinen Arbeitsplatz oder den Ort des mutma\u00dflichen Versto\u00dfes hat. Im Falle Spaniens ist die Aufsichtsbeh\u00f6rde die spanische Datenschutzbeh\u00f6rde (http:\/\/www.agpd.es).<\/p>\n\n\n\n<h3 class=\"wp-block-heading\">II. AKZEPTANZ UND \u00c4NDERUNGEN DIESER DATENSCHUTZERKL\u00c4RUNG<\/h3>\n\n\n\n<p>Es ist notwendig, dass der Nutzer die in dieser Datenschutzerkl\u00e4rung enthaltenen Bedingungen zum Schutz personenbezogener Daten gelesen hat und ihnen zustimmt, sowie dass er die Verarbeitung seiner personenbezogenen Daten akzeptiert, damit der f\u00fcr die Datenverarbeitung Verantwortliche auf die angegebene Weise, in den angegebenen Zeitr\u00e4umen und zu den angegebenen Zwecken vorgehen kann. Die Nutzung der Website setzt die Annahme der Datenschutzbestimmungen voraus.<\/p>\n\n\n\n<p>Marea Beach House beh\u00e4lt sich das Recht vor, seine Datenschutzpolitik nach eigenen Kriterien oder aufgrund einer \u00c4nderung der Gesetzgebung, der Rechtsprechung oder der Doktrin der spanischen Datenschutzbeh\u00f6rde zu \u00e4ndern. \u00c4nderungen oder Aktualisierungen der vorliegenden Datenschutzpolitik werden dem Benutzer nicht ausdr\u00fccklich mitgeteilt. Dem Nutzer wird empfohlen, diese Seite regelm\u00e4\u00dfig zu konsultieren, um sich \u00fcber die neuesten \u00c4nderungen oder Aktualisierungen zu informieren.<\/p>\n\n\n\n<p>Diese Datenschutzrichtlinie wurde aktualisiert, um sie an die Verordnung (EU) 2016\/679 des Europ\u00e4ischen Parlaments und des Rates vom 27. April 2016 zum Schutz nat\u00fcrlicher Personen bei der Verarbeitung personenbezogener Daten und zum freien Datenverkehr (GDPR) und an das Organgesetz 3\/2018 vom 5. Dezember \u00fcber den Schutz personenbezogener Daten und die Gew\u00e4hrleistung digitaler Rechte anzupassen.<\/p>\n\n\n\n<p>Dieses Datenschutzdokument f\u00fcr eine Website wurde unter Verwendung des&nbsp;<a href=\"https:\/\/legales.zimrre.com\/\" target=\"_blank\" rel=\"noopener\">datenschutzerkl\u00e4rung vorlage<\/a>&nbsp;online am 01\/07\/2021.<\/p>","protected":false},"excerpt":{"rendered":"<p>I. POL\u00cdTICA DE PRIVACIDAD Y PROTECCI\u00d3N DE DATOS Respetando lo establecido en la legislaci\u00f3n vigente,&nbsp;Marea Beach House&nbsp;(en adelante, tambi\u00e9n Sitio Web) se compromete a adoptar las medidas t\u00e9cnicas y organizativas necesarias, seg\u00fan el nivel de seguridad adecuado al riesgo de los datos recogidos. Leyes que incorpora esta pol\u00edtica de privacidad Esta pol\u00edtica de privacidad est\u00e1 [&hellip;]<\/p>\n","protected":false},"author":1,"featured_media":0,"parent":0,"menu_order":0,"comment_status":"closed","ping_status":"open","template":"","meta":{"site-sidebar-layout":"default","site-content-layout":"","ast-site-content-layout":"default","site-content-style":"default","site-sidebar-style":"default","ast-global-header-display":"","ast-banner-title-visibility":"","ast-main-header-display":"","ast-hfb-above-header-display":"","ast-hfb-below-header-display":"","ast-hfb-mobile-header-display":"","site-post-title":"","ast-breadcrumbs-content":"","ast-featured-img":"","footer-sml-layout":"","ast-disable-related-posts":"","theme-transparent-header-meta":"","adv-header-id-meta":"","stick-header-meta":"","header-above-stick-meta":"","header-main-stick-meta":"","header-below-stick-meta":"","astra-migrate-meta-layouts":"set","ast-page-background-enabled":"default","ast-page-background-meta":{"desktop":{"background-color":"","background-image":"","background-repeat":"repeat","background-position":"center center","background-size":"auto","background-attachment":"scroll","background-type":"","background-media":"","overlay-type":"","overlay-color":"","overlay-opacity":"","overlay-gradient":""},"tablet":{"background-color":"","background-image":"","background-repeat":"repeat","background-position":"center center","background-size":"auto","background-attachment":"scroll","background-type":"","background-media":"","overlay-type":"","overlay-color":"","overlay-opacity":"","overlay-gradient":""},"mobile":{"background-color":"","background-image":"","background-repeat":"repeat","background-position":"center center","background-size":"auto","background-attachment":"scroll","background-type":"","background-media":"","overlay-type":"","overlay-color":"","overlay-opacity":"","overlay-gradient":""}},"ast-content-background-meta":{"desktop":{"background-color":"var(--ast-global-color-5)","background-image":"","background-repeat":"repeat","background-position":"center center","background-size":"auto","background-attachment":"scroll","background-type":"","background-media":"","overlay-type":"","overlay-color":"","overlay-opacity":"","overlay-gradient":""},"tablet":{"background-color":"var(--ast-global-color-5)","background-image":"","background-repeat":"repeat","background-position":"center center","background-size":"auto","background-attachment":"scroll","background-type":"","background-media":"","overlay-type":"","overlay-color":"","overlay-opacity":"","overlay-gradient":""},"mobile":{"background-color":"var(--ast-global-color-5)","background-image":"","background-repeat":"repeat","background-position":"center center","background-size":"auto","background-attachment":"scroll","background-type":"","background-media":"","overlay-type":"","overlay-color":"","overlay-opacity":"","overlay-gradient":""}},"_joinchat":[],"footnotes":""},"class_list":["post-3","page","type-page","status-publish","hentry"],"_links":{"self":[{"href":"https:\/\/mareabeachhouse.com\/de\/wp-json\/wp\/v2\/pages\/3","targetHints":{"allow":["GET"]}}],"collection":[{"href":"https:\/\/mareabeachhouse.com\/de\/wp-json\/wp\/v2\/pages"}],"about":[{"href":"https:\/\/mareabeachhouse.com\/de\/wp-json\/wp\/v2\/types\/page"}],"author":[{"embeddable":true,"href":"https:\/\/mareabeachhouse.com\/de\/wp-json\/wp\/v2\/users\/1"}],"replies":[{"embeddable":true,"href":"https:\/\/mareabeachhouse.com\/de\/wp-json\/wp\/v2\/comments?post=3"}],"version-history":[{"count":4,"href":"https:\/\/mareabeachhouse.com\/de\/wp-json\/wp\/v2\/pages\/3\/revisions"}],"predecessor-version":[{"id":4696,"href":"https:\/\/mareabeachhouse.com\/de\/wp-json\/wp\/v2\/pages\/3\/revisions\/4696"}],"wp:attachment":[{"href":"https:\/\/mareabeachhouse.com\/de\/wp-json\/wp\/v2\/media?parent=3"}],"curies":[{"name":"wp","href":"https:\/\/api.w.org\/{rel}","templated":true}]}}