{"id":2360,"date":"2024-05-02T18:13:23","date_gmt":"2024-05-02T16:13:23","guid":{"rendered":"https:\/\/mareabeachhouse.com\/?page_id=2360"},"modified":"2026-03-28T16:36:25","modified_gmt":"2026-03-28T15:36:25","slug":"avis-juridique-et-conditions-dutilisation","status":"publish","type":"page","link":"https:\/\/mareabeachhouse.com\/fr\/aviso-legal-y-condiciones-de-uso\/","title":{"rendered":"Avis juridique et conditions d'utilisation"},"content":{"rendered":"<p><\/p>\n\n\n\n<h3 class=\"wp-block-heading\">I. INFORMATIONS G\u00c9N\u00c9RALES<\/h3>\n\n\n\n<p>Conform\u00e9ment \u00e0 l'obligation d'information pr\u00e9vue par la loi 34\/2002 sur les services de la soci\u00e9t\u00e9 de l'information et le commerce \u00e9lectronique (LSSI-CE) du 11 juillet, les informations g\u00e9n\u00e9rales suivantes sont fournies sur ce site web :<\/p>\n\n\n\n<p>La propri\u00e9t\u00e9 de ce site web, mareabeachhouse-com.preview-domain.com, (ci-apr\u00e8s d\u00e9nomm\u00e9 le site web) est d\u00e9tenue par : , titulaire du num\u00e9ro d'identification fiscale : B09765561 et enregistr\u00e9 \u00e0 l'adresse suivante : avec les d\u00e9tails d'enregistrement suivants : , dont le repr\u00e9sentant est : Simone Santacroce, et dont les d\u00e9tails de contact sont les suivants : : , dont le repr\u00e9sentant est : Simone Santacroce, et dont les coordonn\u00e9es sont: :<\/p>\n\n\n\n<p>Adresse : Avinguda Levant n.4, 07769 Cala Blanca<\/p>\n\n\n\n<p>T\u00e9l\u00e9phone de contact : +34 679 79 51 56<\/p>\n\n\n\n<p>Courriel de contact : marketingmareabeachhouse@gmail.com<\/p>\n\n\n\n<h3 class=\"wp-block-heading\">II. CONDITIONS G\u00c9N\u00c9RALES D'UTILISATION<\/h3>\n\n\n\n<h4 class=\"wp-block-heading\">L'objet des conditions g\u00e9n\u00e9rales : Le site web<\/h4>\n\n\n\n<p>Les pr\u00e9sentes conditions g\u00e9n\u00e9rales d'utilisation (ci-apr\u00e8s d\u00e9nomm\u00e9es \"conditions\") ont pour objet de r\u00e9glementer l'acc\u00e8s au site web et son utilisation. Aux fins des pr\u00e9sentes conditions g\u00e9n\u00e9rales, on entend par site web : l'aspect ext\u00e9rieur des interfaces d'\u00e9cran, tant statiques que dynamiques, c'est-\u00e0-dire l'arbre de navigation ; et tous les \u00e9l\u00e9ments int\u00e9gr\u00e9s tant dans les interfaces d'\u00e9cran que dans l'arbre de navigation (ci-apr\u00e8s d\u00e9nomm\u00e9s \"contenu\") et tous les services ou ressources en ligne qui peuvent \u00eatre propos\u00e9s aux utilisateurs (ci-apr\u00e8s d\u00e9nomm\u00e9s \"services\").<\/p>\n\n\n\n<p>Marea Beach House se r\u00e9serve le droit de modifier, \u00e0 tout moment et sans pr\u00e9avis, la pr\u00e9sentation et la configuration du site web ainsi que le contenu et les services qui peuvent y \u00eatre incorpor\u00e9s. Vous reconnaissez et acceptez que Marea Beach House puisse \u00e0 tout moment interrompre, d\u00e9sactiver et\/ou annuler l'un de ces \u00e9l\u00e9ments int\u00e9gr\u00e9s au site web ou l'acc\u00e8s \u00e0 ceux-ci.<\/p>\n\n\n\n<p>L'acc\u00e8s au site web par l'utilisateur est libre et, en r\u00e8gle g\u00e9n\u00e9rale, gratuit, sans que l'utilisateur n'ait \u00e0 fournir de contrepartie pour en b\u00e9n\u00e9ficier, \u00e0 l'exception du co\u00fbt de la connexion via le r\u00e9seau de t\u00e9l\u00e9communications fourni par le fournisseur d'acc\u00e8s contract\u00e9 par l'utilisateur.<\/p>\n\n\n\n<p>L'utilisation du contenu ne n\u00e9cessite aucune inscription ou enregistrement pr\u00e9alable.<\/p>\n\n\n\n<h4 class=\"wp-block-heading\">L'utilisateur<\/h4>\n\n\n\n<p>L'acc\u00e8s, la navigation et l'utilisation du site Web conf\u00e8rent la condition d'utilisateur et, par cons\u00e9quent, d\u00e8s le d\u00e9but de la navigation sur le site Web, l'utilisateur accepte toutes les conditions \u00e9tablies ici, ainsi que toutes les modifications ult\u00e9rieures, sans pr\u00e9judice de l'application des normes l\u00e9gales correspondantes qui doivent \u00eatre respect\u00e9es le cas \u00e9ch\u00e9ant. Compte tenu de l'importance de ce qui pr\u00e9c\u00e8de, il est recommand\u00e9 \u00e0 l'utilisateur de les lire chaque fois qu'il visite le site Web.<\/p>\n\n\n\n<p>Le site web de Marea Beach House fournit un large \u00e9ventail d'informations, de services et de donn\u00e9es. L'utilisateur assume la responsabilit\u00e9 de l'utilisation correcte du site Web. Cette responsabilit\u00e9 s'\u00e9tend \u00e0 :<\/p>\n\n\n\n<ul class=\"wp-block-list\">\n<li>Une utilisation des informations, du contenu et\/ou des services et donn\u00e9es propos\u00e9s par Marea Beach House sans \u00eatre contraire aux dispositions des pr\u00e9sentes Conditions, \u00e0 la loi, \u00e0 la morale ou \u00e0 l'ordre public, ou autrement peut impliquer une atteinte aux droits de tiers ou au fonctionnement du site Web.<\/li>\n\n\n\n<li>L'exactitude et la l\u00e9galit\u00e9 des informations fournies par l'utilisateur dans les formulaires fournis par Marea Beach House pour l'acc\u00e8s \u00e0 certains contenus ou services offerts par le site Web. En tout \u00e9tat de cause, l'utilisateur devra notifier imm\u00e9diatement \u00e0 Marea Beach House tout \u00e9v\u00e9nement permettant l'utilisation abusive des informations enregistr\u00e9es dans ces formulaires, tel que, mais sans s'y limiter, le vol, la perte ou l'acc\u00e8s non autoris\u00e9 aux identifiants et\/ou aux mots de passe, afin de proc\u00e9der \u00e0 son annulation imm\u00e9diate.<\/li>\n<\/ul>\n\n\n\n<p>Le simple acc\u00e8s \u00e0 ce site Web n'implique aucune relation commerciale entre Marea Beach House et l'utilisateur.<\/p>\n\n\n\n<p>Toujours dans le respect de la l\u00e9gislation en vigueur, ce site web de Marea Beach House est destin\u00e9 \u00e0 toutes les personnes, quel que soit leur \u00e2ge, qui peuvent acc\u00e9der et\/ou naviguer sur les pages du site web.<\/p>\n\n\n\n<h3 class=\"wp-block-heading\">III. ACC\u00c8S ET NAVIGATION SUR LE SITE WEB : EXCLUSION DE GARANTIE ET DE RESPONSABILIT\u00c9<\/h3>\n\n\n\n<p>Marea Beach House ne garantit pas la continuit\u00e9, la disponibilit\u00e9 et la facilit\u00e9 d'utilisation du site web, du contenu ou des services. Marea Beach House fera tout son possible pour assurer le bon fonctionnement du site web, mais n'est pas responsable et ne garantit pas que l'acc\u00e8s \u00e0 ce site web sera ininterrompu ou exempt d'erreurs.<\/p>\n\n\n\n<p>Marea Beach House n'est pas non plus responsable ni ne garantit que le contenu ou le logiciel auquel il est possible d'acc\u00e9der par l'interm\u00e9diaire de ce site Web est exempt d'erreurs ou qu'il peut causer des dommages au syst\u00e8me informatique (logiciel et mat\u00e9riel) de l'utilisateur. En tout \u00e9tat de cause, Marea Beach House ne sera pas responsable des pertes ou dommages de toute nature d\u00e9coulant de l'acc\u00e8s, de la navigation et de l'utilisation du site Web, y compris, mais sans s'y limiter, ceux caus\u00e9s aux syst\u00e8mes informatiques ou ceux caus\u00e9s par l'introduction de virus.<\/p>\n\n\n\n<p>Marea Beach House n'est pas responsable des dommages qui pourraient \u00eatre caus\u00e9s aux utilisateurs par une mauvaise utilisation de ce site web. En particulier, elle n'est en aucun cas responsable des chutes, interruptions, pannes ou d\u00e9fauts de t\u00e9l\u00e9communications qui pourraient survenir.<\/p>\n\n\n\n<h3 class=\"wp-block-heading\">IV. POLITIQUE DE LIAISON<\/h3>\n\n\n\n<p>Il est signal\u00e9 que le site Web Marea Beach House met ou peut mettre \u00e0 la disposition des utilisateurs des moyens de liaison (tels que, entre autres, des liens, des banni\u00e8res, des boutons), des r\u00e9pertoires et des moteurs de recherche qui permettent aux utilisateurs d'acc\u00e9der \u00e0 des sites Web d\u00e9tenus et\/ou g\u00e9r\u00e9s par des tiers.<\/p>\n\n\n\n<p>L'installation de ces liens, r\u00e9pertoires et moteurs de recherche sur le site web a pour but de faciliter la recherche et l'acc\u00e8s des utilisateurs aux informations disponibles sur Internet, et ne peut \u00eatre consid\u00e9r\u00e9e comme une suggestion, une recommandation ou une invitation \u00e0 les visiter.<\/p>\n\n\n\n<p>Marea Beach House n'offre ni ne commercialise elle-m\u00eame ou par l'interm\u00e9diaire de tiers les produits et\/ou services disponibles sur ces sites li\u00e9s.<\/p>\n\n\n\n<p>Marea Beach House propose du contenu sponsoris\u00e9, des publicit\u00e9s et\/ou des liens d'affiliation. Les informations qui apparaissent dans ces liens affili\u00e9s ou publicit\u00e9s sont fournies par les annonceurs eux-m\u00eames, Marea Beach House n'est donc pas responsable des inexactitudes ou erreurs que peuvent contenir les publicit\u00e9s, ni ne garantit en aucune mani\u00e8re l'expertise, l'int\u00e9grit\u00e9 ou la responsabilit\u00e9 des annonceurs ou la qualit\u00e9 de leurs produits et\/ou services.<\/p>\n\n\n\n<p>Elle ne garantit pas non plus la disponibilit\u00e9 technique, l'exactitude, la v\u00e9racit\u00e9, la validit\u00e9 ou la l\u00e9galit\u00e9 des sites ne lui appartenant pas et accessibles par les liens.<\/p>\n\n\n\n<p>Marea Beach House n'examinera ni ne contr\u00f4lera en aucune mani\u00e8re le contenu d'autres sites web, pas plus qu'elle n'approuvera, n'examinera ou n'approuvera les produits et services, le contenu, les fichiers et tout autre mat\u00e9riel de ces sites li\u00e9s.<\/p>\n\n\n\n<p>Marea Beach House n'assume aucune responsabilit\u00e9 pour les dommages qui pourraient d\u00e9couler de l'acc\u00e8s, de l'utilisation, de la qualit\u00e9 ou de la l\u00e9galit\u00e9 des contenus, des communications, des opinions, des produits et des services des sites web non g\u00e9r\u00e9s par Marea Beach House et qui sont li\u00e9s \u00e0 ce site web.<\/p>\n\n\n\n<p>L'utilisateur ou le tiers qui cr\u00e9e un lien hypertexte \u00e0 partir d'une page web d'un autre site web vers le site web de Marea Beach House doit savoir que.. :<\/p>\n\n\n\n<p>Aucune reproduction, totale ou partielle, du contenu et\/ou des services du site Internet n'est permise sans l'autorisation expresse de Marea Beach House.<\/p>\n\n\n\n<p>Il n'est pas permis de faire des d\u00e9clarations fausses, inexactes ou incorrectes sur le site Web Marea Beach House, ou sur le contenu et\/ou les services de ce dernier.<\/p>\n\n\n\n<p>\u00c0 l'exception de l'hyperlien, le site web o\u00f9 est \u00e9tabli l'hyperlien ne contiendra aucun \u00e9l\u00e9ment de ce site web, prot\u00e9g\u00e9 en tant que propri\u00e9t\u00e9 intellectuelle par le syst\u00e8me juridique espagnol, sauf autorisation expresse de Marea Beach House.<\/p>\n\n\n\n<p>L'\u00e9tablissement de l'hyperlien n'implique pas l'existence de relations entre Marea Beach House et le propri\u00e9taire du site web \u00e0 partir duquel il est \u00e9tabli, ni la connaissance et l'acceptation par Marea Beach House du contenu, des services et\/ou des activit\u00e9s propos\u00e9s sur le site web, et vice versa.<\/p>\n\n\n\n<h3 class=\"wp-block-heading\">V. PROPRI\u00c9T\u00c9 INTELLECTUELLE ET INDUSTRIELLE<\/h3>\n\n\n\n<p>Marea Beach House d\u00e9tient, elle-m\u00eame ou en tant que cessionnaire, tous les droits de propri\u00e9t\u00e9 intellectuelle et industrielle du site Web, ainsi que les \u00e9l\u00e9ments qu'il contient (y compris, mais sans s'y limiter, les images, le son, l'audio, la vid\u00e9o, le logiciel ou le texte, les marques ou les logos, les combinaisons de couleurs, la structure et le design, la s\u00e9lection des mat\u00e9riaux utilis\u00e9s, les programmes informatiques n\u00e9cessaires \u00e0 son fonctionnement, \u00e0 son acc\u00e8s et \u00e0 son utilisation, etc.) ). Il s'agit donc d'\u0153uvres prot\u00e9g\u00e9es en tant que propri\u00e9t\u00e9 intellectuelle par le syst\u00e8me juridique espagnol, auquel s'appliquent les r\u00e9glementations espagnoles et communautaires en la mati\u00e8re, ainsi que les trait\u00e9s internationaux sign\u00e9s par l'Espagne en la mati\u00e8re.<\/p>\n\n\n\n<p>Tous les droits sont r\u00e9serv\u00e9s. Conform\u00e9ment aux dispositions de la loi sur la propri\u00e9t\u00e9 intellectuelle, la reproduction, la distribution et la communication publique, y compris la mise \u00e0 disposition, de tout ou partie du contenu de ce site web, \u00e0 des fins commerciales, sur tout support et par tout moyen technique, sans l'autorisation de Marea Beach House, sont express\u00e9ment interdites.<\/p>\n\n\n\n<p>L'utilisateur s'engage \u00e0 respecter les droits de propri\u00e9t\u00e9 intellectuelle et industrielle de Marea Beach House. Il est possible de visualiser les \u00e9l\u00e9ments du site Web, voire de les imprimer, de les copier et de les stocker sur le disque dur de son ordinateur ou de tout autre mat\u00e9riel, \u00e0 condition qu'il s'agisse d'un usage exclusivement personnel. L'utilisateur n'est toutefois pas autoris\u00e9 \u00e0 retirer, modifier ou manipuler tout dispositif de protection ou syst\u00e8me de s\u00e9curit\u00e9 install\u00e9 sur le site Web.<\/p>\n\n\n\n<p>Dans le cas o\u00f9 l'utilisateur ou un tiers consid\u00e8re que l'un des contenus du site Web implique une violation des droits de protection de la propri\u00e9t\u00e9 intellectuelle, il doit imm\u00e9diatement en informer Marea Beach House par le biais des coordonn\u00e9es indiqu\u00e9es dans la section INFORMATIONS G\u00c9N\u00c9RALES des pr\u00e9sentes mentions l\u00e9gales et conditions g\u00e9n\u00e9rales d'utilisation.<\/p>\n\n\n\n<h3 class=\"wp-block-heading\">VI. ACTIONS EN JUSTICE, DROIT APPLICABLE ET JURIDICTION<\/h3>\n\n\n\n<p>Marea Beach House se r\u00e9serve le droit d'intenter les actions civiles ou p\u00e9nales qu'elle jugera n\u00e9cessaires en cas d'utilisation abusive du site Web et de son contenu, ou en cas de violation des pr\u00e9sentes conditions.<\/p>\n\n\n\n<p>La relation entre l'utilisateur et Marea Beach House sera r\u00e9gie par la r\u00e9glementation en vigueur et applicable sur le territoire espagnol. En cas de litige relatif \u00e0 l'interpr\u00e9tation et\/ou \u00e0 l'application des pr\u00e9sentes conditions g\u00e9n\u00e9rales, les parties soumettent leurs litiges \u00e0 la juridiction ordinaire des juges et des tribunaux comp\u00e9tents en vertu de la loi.<\/p>\n\n\n\n<p>Ce document d'avis juridique et de conditions g\u00e9n\u00e9rales d'utilisation du site Web a \u00e9t\u00e9 cr\u00e9\u00e9 \u00e0 l'aide du g\u00e9n\u00e9rateur d'avis juridique et de conditions g\u00e9n\u00e9rales d'utilisation du site Web.&nbsp;<a href=\"https:\/\/legales.zimrre.com\/\" target=\"_blank\" rel=\"noopener\">mod\u00e8le d'avis juridique et de conditions d'utilisation<\/a>&nbsp;en ligne le 16\/07\/2021.<\/p>","protected":false},"excerpt":{"rendered":"<p>I. INFORMACI\u00d3N GENERAL En cumplimiento con el deber de informaci\u00f3n dispuesto en la Ley 34\/2002 de Servicios de la Sociedad de la Informaci\u00f3n y el Comercio Electr\u00f3nico (LSSI-CE) de 11 de julio, se facilitan a continuaci\u00f3n los siguientes datos de informaci\u00f3n general de este sitio web: La titularidad de este sitio web,&nbsp;mareabeachhouse-com.preview-domain.com, (en adelante, Sitio [&hellip;]<\/p>\n","protected":false},"author":1,"featured_media":0,"parent":0,"menu_order":0,"comment_status":"closed","ping_status":"closed","template":"","meta":{"site-sidebar-layout":"default","site-content-layout":"","ast-site-content-layout":"default","site-content-style":"default","site-sidebar-style":"default","ast-global-header-display":"","ast-banner-title-visibility":"","ast-main-header-display":"","ast-hfb-above-header-display":"","ast-hfb-below-header-display":"","ast-hfb-mobile-header-display":"","site-post-title":"","ast-breadcrumbs-content":"","ast-featured-img":"","footer-sml-layout":"","ast-disable-related-posts":"","theme-transparent-header-meta":"","adv-header-id-meta":"","stick-header-meta":"","header-above-stick-meta":"","header-main-stick-meta":"","header-below-stick-meta":"","astra-migrate-meta-layouts":"set","ast-page-background-enabled":"default","ast-page-background-meta":{"desktop":{"background-color":"","background-image":"","background-repeat":"repeat","background-position":"center center","background-size":"auto","background-attachment":"scroll","background-type":"","background-media":"","overlay-type":"","overlay-color":"","overlay-opacity":"","overlay-gradient":""},"tablet":{"background-color":"","background-image":"","background-repeat":"repeat","background-position":"center center","background-size":"auto","background-attachment":"scroll","background-type":"","background-media":"","overlay-type":"","overlay-color":"","overlay-opacity":"","overlay-gradient":""},"mobile":{"background-color":"","background-image":"","background-repeat":"repeat","background-position":"center center","background-size":"auto","background-attachment":"scroll","background-type":"","background-media":"","overlay-type":"","overlay-color":"","overlay-opacity":"","overlay-gradient":""}},"ast-content-background-meta":{"desktop":{"background-color":"var(--ast-global-color-5)","background-image":"","background-repeat":"repeat","background-position":"center center","background-size":"auto","background-attachment":"scroll","background-type":"","background-media":"","overlay-type":"","overlay-color":"","overlay-opacity":"","overlay-gradient":""},"tablet":{"background-color":"var(--ast-global-color-5)","background-image":"","background-repeat":"repeat","background-position":"center center","background-size":"auto","background-attachment":"scroll","background-type":"","background-media":"","overlay-type":"","overlay-color":"","overlay-opacity":"","overlay-gradient":""},"mobile":{"background-color":"var(--ast-global-color-5)","background-image":"","background-repeat":"repeat","background-position":"center center","background-size":"auto","background-attachment":"scroll","background-type":"","background-media":"","overlay-type":"","overlay-color":"","overlay-opacity":"","overlay-gradient":""}},"_joinchat":[],"footnotes":""},"class_list":["post-2360","page","type-page","status-publish","hentry"],"_links":{"self":[{"href":"https:\/\/mareabeachhouse.com\/fr\/wp-json\/wp\/v2\/pages\/2360","targetHints":{"allow":["GET"]}}],"collection":[{"href":"https:\/\/mareabeachhouse.com\/fr\/wp-json\/wp\/v2\/pages"}],"about":[{"href":"https:\/\/mareabeachhouse.com\/fr\/wp-json\/wp\/v2\/types\/page"}],"author":[{"embeddable":true,"href":"https:\/\/mareabeachhouse.com\/fr\/wp-json\/wp\/v2\/users\/1"}],"replies":[{"embeddable":true,"href":"https:\/\/mareabeachhouse.com\/fr\/wp-json\/wp\/v2\/comments?post=2360"}],"version-history":[{"count":4,"href":"https:\/\/mareabeachhouse.com\/fr\/wp-json\/wp\/v2\/pages\/2360\/revisions"}],"predecessor-version":[{"id":4697,"href":"https:\/\/mareabeachhouse.com\/fr\/wp-json\/wp\/v2\/pages\/2360\/revisions\/4697"}],"wp:attachment":[{"href":"https:\/\/mareabeachhouse.com\/fr\/wp-json\/wp\/v2\/media?parent=2360"}],"curies":[{"name":"wp","href":"https:\/\/api.w.org\/{rel}","templated":true}]}}