{"id":2360,"date":"2024-05-02T18:13:23","date_gmt":"2024-05-02T16:13:23","guid":{"rendered":"https:\/\/mareabeachhouse.com\/?page_id=2360"},"modified":"2026-03-28T16:36:25","modified_gmt":"2026-03-28T15:36:25","slug":"avviso-legale-e-condizioni-di-utilizzo","status":"publish","type":"page","link":"https:\/\/mareabeachhouse.com\/it\/aviso-legal-y-condiciones-de-uso\/","title":{"rendered":"Avviso legale e condizioni d'uso"},"content":{"rendered":"<p><\/p>\n\n\n\n<h3 class=\"wp-block-heading\">I. INFORMAZIONI GENERALI<\/h3>\n\n\n\n<p>In ottemperanza all'obbligo di informazione previsto dalla Legge 34\/2002 sui Servizi della Societ\u00e0 dell'Informazione e del Commercio Elettronico (LSSI-CE) dell'11 luglio, si forniscono di seguito le informazioni generali su questo sito web:<\/p>\n\n\n\n<p>La propriet\u00e0 di questo sito web, mareabeachhouse-com.preview-domain.com, (di seguito Sito Web) \u00e8 detenuta da: , titolare del codice fiscale: B09765561 e registrato presso: con i seguenti dati anagrafici: , il cui rappresentante \u00e8: Simone Santacroce, e i cui recapiti sono:<\/p>\n\n\n\n<p>Indirizzo: Avinguda Levant n.4, 07769 Cala Blanca<\/p>\n\n\n\n<p>Telefono di contatto: +34 679 79 51 56<\/p>\n\n\n\n<p>Email di contatto: marketingmareabeachhouse@gmail.com<\/p>\n\n\n\n<h3 class=\"wp-block-heading\">II. TERMINI E CONDIZIONI GENERALI DI UTILIZZO<\/h3>\n\n\n\n<h4 class=\"wp-block-heading\">L'oggetto dei termini e delle condizioni: Il sito web<\/h4>\n\n\n\n<p>Le presenti Condizioni Generali d'Uso (di seguito, Condizioni) hanno lo scopo di regolamentare l'accesso e l'utilizzo del Sito. Ai fini delle presenti Condizioni, per Sito Web si intende: l'aspetto esterno delle interfacce dello schermo, sia statiche che dinamiche, ovvero l'albero di navigazione; e tutti gli elementi integrati sia nelle interfacce dello schermo che nell'albero di navigazione (di seguito, Contenuti) e tutti i servizi o le risorse online che possono essere offerti agli Utenti (di seguito, Servizi).<\/p>\n\n\n\n<p>Marea Beach House si riserva il diritto di modificare, in qualsiasi momento e senza preavviso, la presentazione e la configurazione del Sito web e dei Contenuti e Servizi che possono essere integrati in esso. L'utente riconosce e accetta che in qualsiasi momento Marea Beach House pu\u00f2 interrompere, disattivare e\/o cancellare uno qualsiasi di questi elementi integrati nel Sito web o l'accesso ad essi.<\/p>\n\n\n\n<p>L'accesso al Sito Web da parte dell'Utente \u00e8 libero e, di norma, gratuito, senza che l'Utente debba fornire alcun corrispettivo per usufruirne, fatta eccezione per il costo della connessione attraverso la rete di telecomunicazioni fornita dal fornitore di accesso contrattato dall'Utente.<\/p>\n\n\n\n<p>L'uso del Contenuto non richiede alcun abbonamento o registrazione preventiva.<\/p>\n\n\n\n<h4 class=\"wp-block-heading\">L'utente<\/h4>\n\n\n\n<p>L'accesso, la navigazione e l'utilizzo del Sito conferiscono la condizione di Utente e pertanto, dal momento in cui inizia la navigazione del Sito, l'Utente accetta tutte le Condizioni qui stabilite, nonch\u00e9 le eventuali successive modifiche, fatta salva l'applicazione delle corrispondenti norme di legge che devono essere rispettate a seconda dei casi. Data la rilevanza di quanto sopra, si raccomanda all'Utente di leggerle ogni volta che visita il Sito.<\/p>\n\n\n\n<p>Il sito web di Marea Beach House fornisce un'ampia gamma di informazioni, servizi e dati. L'Utente si assume la responsabilit\u00e0 del corretto utilizzo del Sito. Tale responsabilit\u00e0 si estende a:<\/p>\n\n\n\n<ul class=\"wp-block-list\">\n<li>Un utilizzo delle informazioni, dei contenuti e\/o dei servizi e dei dati offerti da Marea Beach House senza essere contrario alle disposizioni delle presenti Condizioni, alla legge, al buon costume o all'ordine pubblico, o che comunque possa comportare una lesione dei diritti di terzi o del funzionamento del Sito.<\/li>\n\n\n\n<li>L'accuratezza e la legalit\u00e0 delle informazioni fornite dall'Utente nei moduli forniti da Marea Beach House per l'accesso a determinati contenuti o servizi offerti dal Sito Web. In ogni caso, l'Utente dovr\u00e0 comunicare immediatamente a Marea Beach House qualsiasi evento che consenta l'uso improprio delle informazioni registrate in tali moduli, quali, a titolo esemplificativo e non esaustivo, il furto, lo smarrimento o l'accesso non autorizzato a identificativi e\/o password, al fine di procedere alla sua immediata cancellazione.<\/li>\n<\/ul>\n\n\n\n<p>Il semplice accesso a questo Sito non implica alcun tipo di rapporto commerciale tra Marea Beach House e l'Utente.<\/p>\n\n\n\n<p>Sempre nel rispetto della normativa vigente, il presente sito web di Marea Beach House \u00e8 destinato a tutte le persone, indipendentemente dall'et\u00e0, che possono accedere e\/o navigare nelle pagine del Sito.<\/p>\n\n\n\n<h3 class=\"wp-block-heading\">III. ACCESSO E NAVIGAZIONE SUL SITO WEB: ESCLUSIONE DI GARANZIE E RESPONSABILIT\u00c0<\/h3>\n\n\n\n<p>Marea Beach House non garantisce la continuit\u00e0, la disponibilit\u00e0 e l'usabilit\u00e0 del Sito web, n\u00e9 dei Contenuti o dei Servizi. Marea Beach House far\u00e0 tutto il possibile per il corretto funzionamento del Sito, tuttavia non \u00e8 responsabile n\u00e9 garantisce che l'accesso a questo Sito non sia ininterrotto o privo di errori.<\/p>\n\n\n\n<p>Marea Beach House non \u00e8 responsabile n\u00e9 garantisce che i contenuti o i software accessibili tramite questo Sito siano privi di errori o causino danni al sistema informatico (software e hardware) dell'utente. In ogni caso Marea Beach House non sar\u00e0 responsabile di eventuali perdite o danni di qualsiasi natura derivanti dall'accesso, dalla navigazione e dall'utilizzo del Sito, ivi compresi, a titolo esemplificativo e non esaustivo, quelli causati ai sistemi informatici o quelli causati dall'introduzione di virus.<\/p>\n\n\n\n<p>Marea Beach House non \u00e8 responsabile di eventuali danni che possono essere causati agli utenti da un uso improprio di questo Sito. In particolare, non \u00e8 responsabile in alcun modo delle cadute, interruzioni, guasti o difetti di telecomunicazione che possono verificarsi.<\/p>\n\n\n\n<h3 class=\"wp-block-heading\">IV. POLITICA DI COLLEGAMENTO<\/h3>\n\n\n\n<p>Si segnala che il Sito Web Marea Beach House mette o pu\u00f2 mettere a disposizione degli utenti mezzi di collegamento (quali, tra gli altri, link, banner, pulsanti), directory e motori di ricerca che consentono agli utenti di accedere a siti web di propriet\u00e0 e\/o gestiti da terzi.<\/p>\n\n\n\n<p>L'installazione di questi link, elenchi e motori di ricerca sul Sito Web ha lo scopo di facilitare agli Utenti la ricerca e l'accesso alle informazioni disponibili su Internet e non pu\u00f2 essere considerata un suggerimento, una raccomandazione o un invito a visitarli.<\/p>\n\n\n\n<p>Marea Beach House non offre o commercializza in proprio o tramite terzi i prodotti e\/o i servizi disponibili su questi siti collegati.<\/p>\n\n\n\n<p>Marea Beach House offre contenuti sponsorizzati, annunci e\/o link di affiliazione. Le informazioni che appaiono in questi link affiliati o annunci sono fornite dagli stessi inserzionisti, pertanto Marea Beach House non \u00e8 responsabile di eventuali imprecisioni o errori che possono contenere gli annunci, n\u00e9 garantisce in alcun modo la competenza, l'integrit\u00e0 o la responsabilit\u00e0 degli inserzionisti o la qualit\u00e0 dei loro prodotti e\/o servizi.<\/p>\n\n\n\n<p>N\u00e9 garantisce la disponibilit\u00e0 tecnica, l'accuratezza, la veridicit\u00e0, la validit\u00e0 o la legalit\u00e0 dei siti non di sua propriet\u00e0 a cui si pu\u00f2 accedere tramite i link.<\/p>\n\n\n\n<p>La Marea Beach House non rivedr\u00e0 o controller\u00e0 in alcun modo il contenuto di altri siti web, n\u00e9 approver\u00e0, esaminer\u00e0 o avaller\u00e0 i prodotti e i servizi, i contenuti, i file e qualsiasi altro materiale presente su tali siti collegati.<\/p>\n\n\n\n<p>Marea Beach House non si assume alcuna responsabilit\u00e0 per eventuali danni che possono derivare dall'accesso, dall'uso, dalla qualit\u00e0 o dalla legalit\u00e0 dei contenuti, delle comunicazioni, delle opinioni, dei prodotti e dei servizi di siti web non gestiti da Marea Beach House e che sono collegati a questo Sito.<\/p>\n\n\n\n<p>L'Utente o il terzo che effettua un collegamento ipertestuale da una pagina web di un altro sito, diverso, al sito web di Marea Beach House deve sapere che:<\/p>\n\n\n\n<p>Non \u00e8 consentita la riproduzione, totale o parziale, di alcuno dei Contenuti e\/o dei Servizi del Sito senza l'espressa autorizzazione di Marea Beach House.<\/p>\n\n\n\n<p>Non \u00e8 consentita alcuna dichiarazione falsa, imprecisa o inesatta sul Sito Web Marea Beach House, o sui Contenuti e\/o Servizi dello stesso.<\/p>\n\n\n\n<p>Ad eccezione del collegamento ipertestuale, il sito web in cui viene stabilito il collegamento ipertestuale non conterr\u00e0 alcun elemento di questo Sito Web, protetto come propriet\u00e0 intellettuale dall'ordinamento giuridico spagnolo, a meno che non sia espressamente autorizzato da Marea Beach House.<\/p>\n\n\n\n<p>L'istituzione del collegamento ipertestuale non implica l'esistenza di rapporti tra Marea Beach House e il proprietario del sito web da cui \u00e8 effettuato, n\u00e9 la conoscenza e l'accettazione da parte di Marea Beach House dei contenuti, dei servizi e\/o delle attivit\u00e0 offerte sul sito web, e viceversa.<\/p>\n\n\n\n<h3 class=\"wp-block-heading\">V. PROPRIET\u00c0 INTELLETTUALE E INDUSTRIALE<\/h3>\n\n\n\n<p>Marea Beach House stessa o in qualit\u00e0 di cessionaria, \u00e8 titolare di tutti i diritti di propriet\u00e0 intellettuale e industriale del Sito web, nonch\u00e9 degli elementi in esso contenuti (tra cui, a titolo esemplificativo e non esaustivo, immagini, suoni, audio, video, software o testi, marchi o loghi, combinazioni di colori, struttura e design, selezione dei materiali utilizzati, programmi informatici necessari per il funzionamento, l'accesso e l'utilizzo, ecc.) Si tratta, pertanto, di opere protette come propriet\u00e0 intellettuale dall'ordinamento giuridico spagnolo, essendo ad esse applicabili sia la normativa spagnola e comunitaria in materia, sia i trattati internazionali relativi alla materia e sottoscritti dalla Spagna.<\/p>\n\n\n\n<p>Tutti i diritti riservati. In conformit\u00e0 alle disposizioni della Legge sulla propriet\u00e0 intellettuale, sono espressamente vietate la riproduzione, la distribuzione e la comunicazione pubblica, compresa la messa a disposizione, di tutto o parte del contenuto di questo sito web, a fini commerciali, su qualsiasi supporto e con qualsiasi mezzo tecnico, senza l'autorizzazione di Marea Beach House.<\/p>\n\n\n\n<p>L'Utente si impegna a rispettare i diritti di propriet\u00e0 intellettuale e industriale di Marea Beach House. L'Utente pu\u00f2 visualizzare gli elementi del Sito web o anche stamparli, copiarli e memorizzarli sul disco rigido del proprio computer o di qualsiasi altro hardware, purch\u00e9 sia esclusivamente per uso personale. L'Utente, tuttavia, non pu\u00f2 rimuovere, alterare o manipolare alcun dispositivo di protezione o sistema di sicurezza installato sul Sito web.<\/p>\n\n\n\n<p>Nel caso in cui l'Utente o terzi ritengano che uno qualsiasi dei contenuti del Sito web comporti una violazione dei diritti di tutela della propriet\u00e0 intellettuale, \u00e8 tenuto a darne immediata comunicazione a Marea Beach House attraverso i recapiti indicati nella sezione INFORMAZIONI GENERALI del presente Avviso legale e Condizioni generali d'uso.<\/p>\n\n\n\n<h3 class=\"wp-block-heading\">VI. AZIONI LEGALI, LEGGE APPLICABILE E GIURISDIZIONE<\/h3>\n\n\n\n<p>Marea Beach House si riserva il diritto di intentare le azioni civili o penali che riterr\u00e0 necessarie per l'uso improprio del Sito e dei Contenuti, o per la violazione delle presenti Condizioni.<\/p>\n\n\n\n<p>Il rapporto tra l'Utente e Marea Beach House sar\u00e0 regolato dalle norme vigenti e applicabili nel territorio spagnolo. In caso di controversie relative all'interpretazione e\/o all'applicazione dei presenti Termini e Condizioni le parti sottopongono le loro controversie alla giurisdizione ordinaria sottoponendosi ai giudici e ai tribunali che si applicano secondo la legge.<\/p>\n\n\n\n<p>Il presente documento di Note legali e Condizioni generali di utilizzo del sito web \u00e8 stato creato mediante il generatore di&nbsp;<a href=\"https:\/\/legales.zimrre.com\/\" target=\"_blank\" rel=\"noopener\">modello di avviso legale e condizioni di utilizzo<\/a>&nbsp;online il 16\/07\/2021.<\/p>","protected":false},"excerpt":{"rendered":"<p>I. INFORMACI\u00d3N GENERAL En cumplimiento con el deber de informaci\u00f3n dispuesto en la Ley 34\/2002 de Servicios de la Sociedad de la Informaci\u00f3n y el Comercio Electr\u00f3nico (LSSI-CE) de 11 de julio, se facilitan a continuaci\u00f3n los siguientes datos de informaci\u00f3n general de este sitio web: La titularidad de este sitio web,&nbsp;mareabeachhouse-com.preview-domain.com, (en adelante, Sitio [&hellip;]<\/p>\n","protected":false},"author":1,"featured_media":0,"parent":0,"menu_order":0,"comment_status":"closed","ping_status":"closed","template":"","meta":{"site-sidebar-layout":"default","site-content-layout":"","ast-site-content-layout":"default","site-content-style":"default","site-sidebar-style":"default","ast-global-header-display":"","ast-banner-title-visibility":"","ast-main-header-display":"","ast-hfb-above-header-display":"","ast-hfb-below-header-display":"","ast-hfb-mobile-header-display":"","site-post-title":"","ast-breadcrumbs-content":"","ast-featured-img":"","footer-sml-layout":"","ast-disable-related-posts":"","theme-transparent-header-meta":"","adv-header-id-meta":"","stick-header-meta":"","header-above-stick-meta":"","header-main-stick-meta":"","header-below-stick-meta":"","astra-migrate-meta-layouts":"set","ast-page-background-enabled":"default","ast-page-background-meta":{"desktop":{"background-color":"","background-image":"","background-repeat":"repeat","background-position":"center center","background-size":"auto","background-attachment":"scroll","background-type":"","background-media":"","overlay-type":"","overlay-color":"","overlay-opacity":"","overlay-gradient":""},"tablet":{"background-color":"","background-image":"","background-repeat":"repeat","background-position":"center center","background-size":"auto","background-attachment":"scroll","background-type":"","background-media":"","overlay-type":"","overlay-color":"","overlay-opacity":"","overlay-gradient":""},"mobile":{"background-color":"","background-image":"","background-repeat":"repeat","background-position":"center center","background-size":"auto","background-attachment":"scroll","background-type":"","background-media":"","overlay-type":"","overlay-color":"","overlay-opacity":"","overlay-gradient":""}},"ast-content-background-meta":{"desktop":{"background-color":"var(--ast-global-color-5)","background-image":"","background-repeat":"repeat","background-position":"center center","background-size":"auto","background-attachment":"scroll","background-type":"","background-media":"","overlay-type":"","overlay-color":"","overlay-opacity":"","overlay-gradient":""},"tablet":{"background-color":"var(--ast-global-color-5)","background-image":"","background-repeat":"repeat","background-position":"center center","background-size":"auto","background-attachment":"scroll","background-type":"","background-media":"","overlay-type":"","overlay-color":"","overlay-opacity":"","overlay-gradient":""},"mobile":{"background-color":"var(--ast-global-color-5)","background-image":"","background-repeat":"repeat","background-position":"center center","background-size":"auto","background-attachment":"scroll","background-type":"","background-media":"","overlay-type":"","overlay-color":"","overlay-opacity":"","overlay-gradient":""}},"_joinchat":[],"footnotes":""},"class_list":["post-2360","page","type-page","status-publish","hentry"],"_links":{"self":[{"href":"https:\/\/mareabeachhouse.com\/it\/wp-json\/wp\/v2\/pages\/2360","targetHints":{"allow":["GET"]}}],"collection":[{"href":"https:\/\/mareabeachhouse.com\/it\/wp-json\/wp\/v2\/pages"}],"about":[{"href":"https:\/\/mareabeachhouse.com\/it\/wp-json\/wp\/v2\/types\/page"}],"author":[{"embeddable":true,"href":"https:\/\/mareabeachhouse.com\/it\/wp-json\/wp\/v2\/users\/1"}],"replies":[{"embeddable":true,"href":"https:\/\/mareabeachhouse.com\/it\/wp-json\/wp\/v2\/comments?post=2360"}],"version-history":[{"count":4,"href":"https:\/\/mareabeachhouse.com\/it\/wp-json\/wp\/v2\/pages\/2360\/revisions"}],"predecessor-version":[{"id":4697,"href":"https:\/\/mareabeachhouse.com\/it\/wp-json\/wp\/v2\/pages\/2360\/revisions\/4697"}],"wp:attachment":[{"href":"https:\/\/mareabeachhouse.com\/it\/wp-json\/wp\/v2\/media?parent=2360"}],"curies":[{"name":"wp","href":"https:\/\/api.w.org\/{rel}","templated":true}]}}